{"id":1329,"date":"2024-08-22T22:11:29","date_gmt":"2024-08-22T22:11:29","guid":{"rendered":"https:\/\/stromlighting.com\/skypanel-classic\/"},"modified":"2024-09-08T22:15:59","modified_gmt":"2024-09-08T22:15:59","slug":"skypanel-classic","status":"publish","type":"product","link":"https:\/\/stromlighting.com\/en\/skypanel-classic\/","title":{"rendered":"SkyPanel Classic"},"content":{"rendered":"<p>SkyPanel Classic, yeni bir end\u00fcstri standard\u0131 belirleyen y\u00fcksek kaliteli bir LED \u0131\u015f\u0131kt\u0131r. Formu, rengi, \u0131\u015f\u0131n alan\u0131 ve \u00e7\u0131k\u0131\u015f\u0131 tamamen m\u00fc\u015fteri d\u00fc\u015f\u00fcn\u00fclerek tasarlanm\u0131\u015ft\u0131r, bu da onu son derece \u00e7ok y\u00f6nl\u00fc bir \u0131\u015f\u0131k haline getirir. Farkl\u0131 uygulama alanlar\u0131na uyum sa\u011flayan S30&#8217;dan S360&#8217;a kadar d\u00f6rt boyutta gelir.<\/p>\n","protected":false},"excerpt":{"rendered":"<p>SkyPanel Classic, yeni bir end\u00fcstri standard\u0131 belirleyen y\u00fcksek kaliteli bir LED \u0131\u015f\u0131kt\u0131r. Formu, rengi, \u0131\u015f\u0131n alan\u0131 ve \u00e7\u0131k\u0131\u015f\u0131 tamamen m\u00fc\u015fteri d\u00fc\u015f\u00fcn\u00fclerek tasarlanm\u0131\u015ft\u0131r, bu da onu son<span class=\"excerpt-hellip\"> [\u2026]<\/span><\/p>\n","protected":false},"featured_media":568,"comment_status":"open","ping_status":"closed","template":"","meta":[],"product_brand":[],"product_cat":[75,78,90],"product_tag":[],"class_list":{"0":"post-1329","1":"product","2":"type-product","3":"status-publish","4":"has-post-thumbnail","6":"product_cat-arri-en","7":"product_cat-arri-led-en","8":"product_cat-tum-urunler-en","10":"first","11":"instock","12":"shipping-taxable","13":"product-type-simple"},"_links":{"self":[{"href":"https:\/\/stromlighting.com\/en\/wp-json\/wp\/v2\/product\/1329","targetHints":{"allow":["GET"]}}],"collection":[{"href":"https:\/\/stromlighting.com\/en\/wp-json\/wp\/v2\/product"}],"about":[{"href":"https:\/\/stromlighting.com\/en\/wp-json\/wp\/v2\/types\/product"}],"replies":[{"embeddable":true,"href":"https:\/\/stromlighting.com\/en\/wp-json\/wp\/v2\/comments?post=1329"}],"wp:featuredmedia":[{"embeddable":true,"href":"https:\/\/stromlighting.com\/en\/wp-json\/wp\/v2\/media\/568"}],"wp:attachment":[{"href":"https:\/\/stromlighting.com\/en\/wp-json\/wp\/v2\/media?parent=1329"}],"wp:term":[{"taxonomy":"product_brand","embeddable":true,"href":"https:\/\/stromlighting.com\/en\/wp-json\/wp\/v2\/product_brand?post=1329"},{"taxonomy":"product_cat","embeddable":true,"href":"https:\/\/stromlighting.com\/en\/wp-json\/wp\/v2\/product_cat?post=1329"},{"taxonomy":"product_tag","embeddable":true,"href":"https:\/\/stromlighting.com\/en\/wp-json\/wp\/v2\/product_tag?post=1329"}],"curies":[{"name":"wp","href":"https:\/\/api.w.org\/{rel}","templated":true}]}}