{"id":1330,"date":"2024-08-22T22:34:03","date_gmt":"2024-08-22T22:34:03","guid":{"rendered":"https:\/\/stromlighting.com\/skypanel-x\/"},"modified":"2024-09-08T22:16:06","modified_gmt":"2024-09-08T22:16:06","slug":"skypanel-x","status":"publish","type":"product","link":"https:\/\/stromlighting.com\/en\/skypanel-x\/","title":{"rendered":"SkyPanel X"},"content":{"rendered":"<p>Mod\u00fcler bir sistem olarak sunulan ve farkl\u0131 boyutlarda (X21, X22, X23) yap\u0131land\u0131r\u0131labilen SkyPanel X, do\u011fal yumu\u015fak ve sert \u0131\u015f\u0131k teknolojisi sunarak yaln\u0131zca karartma ve renk bilimi a\u00e7\u0131s\u0131ndan de\u011fil, ayn\u0131 zamanda orta ila uzun mesafeler i\u00e7in \u0131\u015f\u0131k \u00e7\u0131k\u0131\u015f\u0131 ve \u0131\u015f\u0131n kalitesi a\u00e7\u0131s\u0131ndan da yeni bir \u00e7\u0131ta olu\u015fturuyor.10 m \/ 32,8 ft&#8217;de 4.800 l\u00fckse kadar ve panel ba\u015f\u0131na sekiz piksel; 1.500 K &#8211; 20.000 K dinamik CCT aral\u0131\u011f\u0131; RGBACL tam spektrumlu renk motoru; kablosuz CRMX kontrol\u00fc; entegre g\u00fc\u00e7 kayna\u011f\u0131; geli\u015fmi\u015f a\u011f olu\u015fturma olanaklar\u0131 ve IP66 derecesi ile SkyPanel X, mevcut i\u015f ak\u0131\u015flar\u0131na uyarlanm\u0131\u015f t\u00fcm hava ko\u015fullar\u0131na uygun bir ayd\u0131nlatma \u00e7\u00f6z\u00fcm\u00fcd\u00fcr. \u0130ki g\u00f6vde rengi mevcuttur: ikonik mavi\/g\u00fcm\u00fc\u015f ve tamamen siyah.<\/p>\n","protected":false},"excerpt":{"rendered":"<p>Mod\u00fcler bir sistem olarak sunulan ve farkl\u0131 boyutlarda (X21, X22, X23) yap\u0131land\u0131r\u0131labilen SkyPanel X, do\u011fal yumu\u015fak ve sert \u0131\u015f\u0131k teknolojisi sunarak yaln\u0131zca karartma ve renk bilimi<span class=\"excerpt-hellip\"> [\u2026]<\/span><\/p>\n","protected":false},"featured_media":600,"comment_status":"open","ping_status":"closed","template":"","meta":[],"product_brand":[],"product_cat":[75,78,90],"product_tag":[],"class_list":{"0":"post-1330","1":"product","2":"type-product","3":"status-publish","4":"has-post-thumbnail","6":"product_cat-arri-en","7":"product_cat-arri-led-en","8":"product_cat-tum-urunler-en","10":"first","11":"instock","12":"shipping-taxable","13":"product-type-simple"},"_links":{"self":[{"href":"https:\/\/stromlighting.com\/en\/wp-json\/wp\/v2\/product\/1330","targetHints":{"allow":["GET"]}}],"collection":[{"href":"https:\/\/stromlighting.com\/en\/wp-json\/wp\/v2\/product"}],"about":[{"href":"https:\/\/stromlighting.com\/en\/wp-json\/wp\/v2\/types\/product"}],"replies":[{"embeddable":true,"href":"https:\/\/stromlighting.com\/en\/wp-json\/wp\/v2\/comments?post=1330"}],"wp:featuredmedia":[{"embeddable":true,"href":"https:\/\/stromlighting.com\/en\/wp-json\/wp\/v2\/media\/600"}],"wp:attachment":[{"href":"https:\/\/stromlighting.com\/en\/wp-json\/wp\/v2\/media?parent=1330"}],"wp:term":[{"taxonomy":"product_brand","embeddable":true,"href":"https:\/\/stromlighting.com\/en\/wp-json\/wp\/v2\/product_brand?post=1330"},{"taxonomy":"product_cat","embeddable":true,"href":"https:\/\/stromlighting.com\/en\/wp-json\/wp\/v2\/product_cat?post=1330"},{"taxonomy":"product_tag","embeddable":true,"href":"https:\/\/stromlighting.com\/en\/wp-json\/wp\/v2\/product_tag?post=1330"}],"curies":[{"name":"wp","href":"https:\/\/api.w.org\/{rel}","templated":true}]}}