{"id":1331,"date":"2024-08-22T22:40:40","date_gmt":"2024-08-22T22:40:40","guid":{"rendered":"https:\/\/stromlighting.com\/l-series-plus\/"},"modified":"2024-09-08T22:16:16","modified_gmt":"2024-09-08T22:16:16","slug":"l-series-plus","status":"publish","type":"product","link":"https:\/\/stromlighting.com\/en\/l-series-plus\/","title":{"rendered":"L-Series Plus"},"content":{"rendered":"<p>ARRI&#8217;nin L-Serisi Plus LED spotlar\u0131 ger\u00e7ek Fresnel \u00f6zelliklerine sahiptir: spottan sele s\u00fcrekli odaklanabilirlik; tek tip, homojen bir \u0131\u015f\u0131k alan\u0131; ve y\u00fckseltilmi\u015f bir versiyonda \u00f6ncekilere k\u0131yasla %90&#8217;a kadar daha fazla \u0131\u015f\u0131k \u00e7\u0131k\u0131\u015f\u0131. L-Serisi Plus en yeni, y\u00fcksek verimli LED teknolojisinden yararlan\u0131r ve \u0131\u015f\u0131\u011f\u0131n tam renk ve yo\u011funluk kontrol\u00fcne izin verir. Sa\u011flam ve ergonomik olacak \u015fekilde \u00fcretilmi\u015ftir ve ARRI&#8217;nin bilinen kalite ve tasar\u0131m standartlar\u0131n\u0131 kar\u015f\u0131lamaktad\u0131r.<\/p>\n","protected":false},"excerpt":{"rendered":"<p>ARRI&#8217;nin L-Serisi Plus LED spotlar\u0131 ger\u00e7ek Fresnel \u00f6zelliklerine sahiptir: spottan sele s\u00fcrekli odaklanabilirlik; tek tip, homojen bir \u0131\u015f\u0131k alan\u0131; ve y\u00fckseltilmi\u015f bir versiyonda \u00f6ncekilere k\u0131yasla %90&#8217;a<span class=\"excerpt-hellip\"> [\u2026]<\/span><\/p>\n","protected":false},"featured_media":602,"comment_status":"open","ping_status":"closed","template":"","meta":[],"product_brand":[],"product_cat":[75,78,90],"product_tag":[],"class_list":{"0":"post-1331","1":"product","2":"type-product","3":"status-publish","4":"has-post-thumbnail","6":"product_cat-arri-en","7":"product_cat-arri-led-en","8":"product_cat-tum-urunler-en","10":"first","11":"instock","12":"shipping-taxable","13":"product-type-simple"},"_links":{"self":[{"href":"https:\/\/stromlighting.com\/en\/wp-json\/wp\/v2\/product\/1331","targetHints":{"allow":["GET"]}}],"collection":[{"href":"https:\/\/stromlighting.com\/en\/wp-json\/wp\/v2\/product"}],"about":[{"href":"https:\/\/stromlighting.com\/en\/wp-json\/wp\/v2\/types\/product"}],"replies":[{"embeddable":true,"href":"https:\/\/stromlighting.com\/en\/wp-json\/wp\/v2\/comments?post=1331"}],"wp:featuredmedia":[{"embeddable":true,"href":"https:\/\/stromlighting.com\/en\/wp-json\/wp\/v2\/media\/602"}],"wp:attachment":[{"href":"https:\/\/stromlighting.com\/en\/wp-json\/wp\/v2\/media?parent=1331"}],"wp:term":[{"taxonomy":"product_brand","embeddable":true,"href":"https:\/\/stromlighting.com\/en\/wp-json\/wp\/v2\/product_brand?post=1331"},{"taxonomy":"product_cat","embeddable":true,"href":"https:\/\/stromlighting.com\/en\/wp-json\/wp\/v2\/product_cat?post=1331"},{"taxonomy":"product_tag","embeddable":true,"href":"https:\/\/stromlighting.com\/en\/wp-json\/wp\/v2\/product_tag?post=1331"}],"curies":[{"name":"wp","href":"https:\/\/api.w.org\/{rel}","templated":true}]}}