{"id":1332,"date":"2024-08-22T22:41:51","date_gmt":"2024-08-22T22:41:51","guid":{"rendered":"https:\/\/stromlighting.com\/orbiter\/"},"modified":"2024-09-08T22:16:25","modified_gmt":"2024-09-08T22:16:25","slug":"orbiter","status":"publish","type":"product","link":"https:\/\/stromlighting.com\/en\/orbiter\/","title":{"rendered":"Orbiter"},"content":{"rendered":"<p>ARRI Orbiter, alt\u0131 renkli bir \u0131\u015f\u0131k motoru i\u00e7eren \u00e7ok y\u00f6nl\u00fc, ayarlanabilir ve y\u00f6nl\u00fc bir LED \ufb01g\u00fcr\u00fcd\u00fcr.Orbiter, de\u011fi\u015ftirilebilir optikleri sayesinde A\u00e7\u0131k Y\u00fcz, Fresnel, Projeksiyon, Yumu\u015fak I\u015f\u0131k ve \u00e7ok daha fazlas\u0131 dahil olmak \u00fczere bir\u00e7ok farkl\u0131 lamba kafas\u0131 t\u00fcr\u00fcne d\u00f6n\u00fc\u015febilir.<\/p>\n","protected":false},"excerpt":{"rendered":"<p>ARRI Orbiter, alt\u0131 renkli bir \u0131\u015f\u0131k motoru i\u00e7eren \u00e7ok y\u00f6nl\u00fc, ayarlanabilir ve y\u00f6nl\u00fc bir LED \ufb01g\u00fcr\u00fcd\u00fcr.Orbiter, de\u011fi\u015ftirilebilir optikleri sayesinde A\u00e7\u0131k Y\u00fcz, Fresnel, Projeksiyon, Yumu\u015fak I\u015f\u0131k ve<span class=\"excerpt-hellip\"> [\u2026]<\/span><\/p>\n","protected":false},"featured_media":562,"comment_status":"open","ping_status":"closed","template":"","meta":[],"product_brand":[],"product_cat":[75,78,90],"product_tag":[],"class_list":{"0":"post-1332","1":"product","2":"type-product","3":"status-publish","4":"has-post-thumbnail","6":"product_cat-arri-en","7":"product_cat-arri-led-en","8":"product_cat-tum-urunler-en","10":"first","11":"instock","12":"shipping-taxable","13":"product-type-simple"},"_links":{"self":[{"href":"https:\/\/stromlighting.com\/en\/wp-json\/wp\/v2\/product\/1332","targetHints":{"allow":["GET"]}}],"collection":[{"href":"https:\/\/stromlighting.com\/en\/wp-json\/wp\/v2\/product"}],"about":[{"href":"https:\/\/stromlighting.com\/en\/wp-json\/wp\/v2\/types\/product"}],"replies":[{"embeddable":true,"href":"https:\/\/stromlighting.com\/en\/wp-json\/wp\/v2\/comments?post=1332"}],"wp:featuredmedia":[{"embeddable":true,"href":"https:\/\/stromlighting.com\/en\/wp-json\/wp\/v2\/media\/562"}],"wp:attachment":[{"href":"https:\/\/stromlighting.com\/en\/wp-json\/wp\/v2\/media?parent=1332"}],"wp:term":[{"taxonomy":"product_brand","embeddable":true,"href":"https:\/\/stromlighting.com\/en\/wp-json\/wp\/v2\/product_brand?post=1332"},{"taxonomy":"product_cat","embeddable":true,"href":"https:\/\/stromlighting.com\/en\/wp-json\/wp\/v2\/product_cat?post=1332"},{"taxonomy":"product_tag","embeddable":true,"href":"https:\/\/stromlighting.com\/en\/wp-json\/wp\/v2\/product_tag?post=1332"}],"curies":[{"name":"wp","href":"https:\/\/api.w.org\/{rel}","templated":true}]}}