{"id":1337,"date":"2024-08-22T22:46:35","date_gmt":"2024-08-22T22:46:35","guid":{"rendered":"https:\/\/stromlighting.com\/light-control\/"},"modified":"2024-09-08T22:17:02","modified_gmt":"2024-09-08T22:17:02","slug":"light-control","status":"publish","type":"product","link":"https:\/\/stromlighting.com\/en\/light-control\/","title":{"rendered":"Light control"},"content":{"rendered":"<p>Barndoors ve snoots, bir \u0131\u015f\u0131k opti\u011finin \u00f6n\u00fcne sabitlenir ve d\u00f6k\u00fclen \u0131\u015f\u0131\u011f\u0131 en aza indirmeye yard\u0131mc\u0131 olur. ARRI Orbiter optikleri i\u00e7in 4 yaprakl\u0131 veya 8 yaprakl\u0131 barndoors aras\u0131nda se\u00e7im yapabilirsiniz.Bir barndoor ile barndoors&#8217;u kapatarak veya a\u00e7arak \u0131\u015f\u0131n\u0131 kontrol edebilirsiniz, oysa bir snoot \u0131\u015f\u0131n\u0131 yumu\u015fak kenarl\u0131 bir daire \u015feklinde daraltman\u0131za yard\u0131mc\u0131 olur. Opti\u011finiz i\u00e7in do\u011fru boyutta barndoor veya snoot se\u00e7in. ARRI ayr\u0131ca Projeksiyon Optikleri i\u00e7in standart B boyutlu metal veya cam goboyu yerinde tutmak i\u00e7in bir gobo tutucu geli\u015ftirdi.<\/p>\n","protected":false},"excerpt":{"rendered":"<p>Barndoors ve snoots, bir \u0131\u015f\u0131k opti\u011finin \u00f6n\u00fcne sabitlenir ve d\u00f6k\u00fclen \u0131\u015f\u0131\u011f\u0131 en aza indirmeye yard\u0131mc\u0131 olur. ARRI Orbiter optikleri i\u00e7in 4 yaprakl\u0131 veya 8 yaprakl\u0131 barndoors<span class=\"excerpt-hellip\"> [\u2026]<\/span><\/p>\n","protected":false},"featured_media":548,"comment_status":"open","ping_status":"closed","template":"","meta":[],"product_brand":[],"product_cat":[75,78,90],"product_tag":[],"class_list":{"0":"post-1337","1":"product","2":"type-product","3":"status-publish","4":"has-post-thumbnail","6":"product_cat-arri-en","7":"product_cat-arri-led-en","8":"product_cat-tum-urunler-en","10":"first","11":"instock","12":"shipping-taxable","13":"product-type-simple"},"_links":{"self":[{"href":"https:\/\/stromlighting.com\/en\/wp-json\/wp\/v2\/product\/1337","targetHints":{"allow":["GET"]}}],"collection":[{"href":"https:\/\/stromlighting.com\/en\/wp-json\/wp\/v2\/product"}],"about":[{"href":"https:\/\/stromlighting.com\/en\/wp-json\/wp\/v2\/types\/product"}],"replies":[{"embeddable":true,"href":"https:\/\/stromlighting.com\/en\/wp-json\/wp\/v2\/comments?post=1337"}],"wp:featuredmedia":[{"embeddable":true,"href":"https:\/\/stromlighting.com\/en\/wp-json\/wp\/v2\/media\/548"}],"wp:attachment":[{"href":"https:\/\/stromlighting.com\/en\/wp-json\/wp\/v2\/media?parent=1337"}],"wp:term":[{"taxonomy":"product_brand","embeddable":true,"href":"https:\/\/stromlighting.com\/en\/wp-json\/wp\/v2\/product_brand?post=1337"},{"taxonomy":"product_cat","embeddable":true,"href":"https:\/\/stromlighting.com\/en\/wp-json\/wp\/v2\/product_cat?post=1337"},{"taxonomy":"product_tag","embeddable":true,"href":"https:\/\/stromlighting.com\/en\/wp-json\/wp\/v2\/product_tag?post=1337"}],"curies":[{"name":"wp","href":"https:\/\/api.w.org\/{rel}","templated":true}]}}