{"id":1338,"date":"2024-08-22T22:47:04","date_gmt":"2024-08-22T22:47:04","guid":{"rendered":"https:\/\/stromlighting.com\/grip-mounting\/"},"modified":"2024-09-08T22:17:11","modified_gmt":"2024-09-08T22:17:11","slug":"grip-mounting","status":"publish","type":"product","link":"https:\/\/stromlighting.com\/en\/grip-mounting\/","title":{"rendered":"Grip &#038; mounting"},"content":{"rendered":"<p>Uygulaman\u0131z i\u00e7in do\u011fru boyunduruk, k\u0131zak veya tutama\u011f\u0131 se\u00e7in. Orbiter i\u00e7in boyunduruklar, manuel versiyon lamba kafas\u0131 ile direkle \u00e7al\u0131\u015fan versiyon aras\u0131nda h\u0131zl\u0131 de\u011fi\u015fim sa\u011flayan yeni geli\u015ftirilmi\u015f bir serbest b\u0131rakma sistemi ile birlikte gelir. K\u0131zak, ayaklar\u0131n yerini alarak Orbiter&#8217;a kolayca monte edilebilir. K\u0131zak ile donat\u0131lm\u0131\u015f Orbiter, zorlu ortamlarda a\u011f\u0131r g\u00fcnl\u00fck i\u015fler i\u00e7in m\u00fckemmel bir \u015fekilde haz\u0131rlanm\u0131\u015ft\u0131r. Arabalar \u00fczerinde ta\u015f\u0131ma veya kamyonlardaki b\u00f6lmelerde depolama i\u00e7in idealdir. De\u011fi\u015fken s\u00fcrt\u00fcnme kolu sorunsuz bir hareket aral\u0131\u011f\u0131 sa\u011flar. S\u00fcper kelep\u00e7e ile birlikte bu s\u00fcrt\u00fcnme kolu, Orbiter kontrol panelini d\u00fczenli ve esnek tutarken \u00e7ok \u00e7e\u015fitli y\u00fczeylere ba\u011flamak i\u00e7in m\u00fckemmeldir. \u00c7ok ama\u00e7l\u0131 kelep\u00e7e, \u00e7ok \u00e7e\u015fitli uygulamalar i\u00e7in \u00e7ok y\u00f6nl\u00fc, profesyonel ve \u00fcst\u00fcn kaliteli bir kelep\u00e7edir. Kompakt ve hafif kelep\u00e7e, yuvarlak ve kare y\u00fczeyler de dahil olmak \u00fczere hemen hemen her \u015feyi tutabilir.<\/p>\n","protected":false},"excerpt":{"rendered":"<p>Uygulaman\u0131z i\u00e7in do\u011fru boyunduruk, k\u0131zak veya tutama\u011f\u0131 se\u00e7in. Orbiter i\u00e7in boyunduruklar, manuel versiyon lamba kafas\u0131 ile direkle \u00e7al\u0131\u015fan versiyon aras\u0131nda h\u0131zl\u0131 de\u011fi\u015fim sa\u011flayan yeni geli\u015ftirilmi\u015f bir<span class=\"excerpt-hellip\"> [\u2026]<\/span><\/p>\n","protected":false},"featured_media":528,"comment_status":"open","ping_status":"closed","template":"","meta":[],"product_brand":[],"product_cat":[75,78,90],"product_tag":[],"class_list":{"0":"post-1338","1":"product","2":"type-product","3":"status-publish","4":"has-post-thumbnail","6":"product_cat-arri-en","7":"product_cat-arri-led-en","8":"product_cat-tum-urunler-en","10":"first","11":"instock","12":"shipping-taxable","13":"product-type-simple"},"_links":{"self":[{"href":"https:\/\/stromlighting.com\/en\/wp-json\/wp\/v2\/product\/1338","targetHints":{"allow":["GET"]}}],"collection":[{"href":"https:\/\/stromlighting.com\/en\/wp-json\/wp\/v2\/product"}],"about":[{"href":"https:\/\/stromlighting.com\/en\/wp-json\/wp\/v2\/types\/product"}],"replies":[{"embeddable":true,"href":"https:\/\/stromlighting.com\/en\/wp-json\/wp\/v2\/comments?post=1338"}],"wp:featuredmedia":[{"embeddable":true,"href":"https:\/\/stromlighting.com\/en\/wp-json\/wp\/v2\/media\/528"}],"wp:attachment":[{"href":"https:\/\/stromlighting.com\/en\/wp-json\/wp\/v2\/media?parent=1338"}],"wp:term":[{"taxonomy":"product_brand","embeddable":true,"href":"https:\/\/stromlighting.com\/en\/wp-json\/wp\/v2\/product_brand?post=1338"},{"taxonomy":"product_cat","embeddable":true,"href":"https:\/\/stromlighting.com\/en\/wp-json\/wp\/v2\/product_cat?post=1338"},{"taxonomy":"product_tag","embeddable":true,"href":"https:\/\/stromlighting.com\/en\/wp-json\/wp\/v2\/product_tag?post=1338"}],"curies":[{"name":"wp","href":"https:\/\/api.w.org\/{rel}","templated":true}]}}