{"id":1339,"date":"2024-08-22T22:48:30","date_gmt":"2024-08-22T22:48:30","guid":{"rendered":"https:\/\/stromlighting.com\/protection-safety\/"},"modified":"2024-09-08T22:17:25","modified_gmt":"2024-09-08T22:17:25","slug":"protection-safety","status":"publish","type":"product","link":"https:\/\/stromlighting.com\/en\/protection-safety\/","title":{"rendered":"Protection &#038; safety"},"content":{"rendered":"<p>Orbiter uzun \u00f6m\u00fcrl\u00fc olacak \u015fekilde \u00fcretilmi\u015ftir. Bununla birlikte, hassas ve korunmaya de\u011fer hassas sens\u00f6rlere sahiptir. Orbiter ya\u011fmur kapa\u011f\u0131, Orbiter&#8217;in ba\u011flant\u0131 noktalar\u0131n\u0131 korur, armat\u00fcr\u00fcn arkas\u0131na d\u00fczg\u00fcn bir \u015fekilde yerle\u015firken mevcut t\u00fcm arabirimlerin kullan\u0131lmas\u0131na izin verir. Kapak, ta\u015f\u0131ma s\u0131ras\u0131nda Orbiter&#8217;in \u0131\u015f\u0131k motorunu korur. G\u00fcvenlik kablosu, Orbiter ve aksesuarlar\u0131na d\u00fczg\u00fcn bir \u015fekilde tak\u0131ld\u0131\u011f\u0131nda ekstra bir g\u00fcvenlik seviyesi sa\u011flar.<\/p>\n","protected":false},"excerpt":{"rendered":"<p>Orbiter uzun \u00f6m\u00fcrl\u00fc olacak \u015fekilde \u00fcretilmi\u015ftir. Bununla birlikte, hassas ve korunmaya de\u011fer hassas sens\u00f6rlere sahiptir. Orbiter ya\u011fmur kapa\u011f\u0131, Orbiter&#8217;in ba\u011flant\u0131 noktalar\u0131n\u0131 korur, armat\u00fcr\u00fcn arkas\u0131na d\u00fczg\u00fcn bir<span class=\"excerpt-hellip\"> [\u2026]<\/span><\/p>\n","protected":false},"featured_media":564,"comment_status":"open","ping_status":"closed","template":"","meta":[],"product_brand":[],"product_cat":[75,78,90],"product_tag":[],"class_list":{"0":"post-1339","1":"product","2":"type-product","3":"status-publish","4":"has-post-thumbnail","6":"product_cat-arri-en","7":"product_cat-arri-led-en","8":"product_cat-tum-urunler-en","10":"first","11":"instock","12":"shipping-taxable","13":"product-type-simple"},"_links":{"self":[{"href":"https:\/\/stromlighting.com\/en\/wp-json\/wp\/v2\/product\/1339","targetHints":{"allow":["GET"]}}],"collection":[{"href":"https:\/\/stromlighting.com\/en\/wp-json\/wp\/v2\/product"}],"about":[{"href":"https:\/\/stromlighting.com\/en\/wp-json\/wp\/v2\/types\/product"}],"replies":[{"embeddable":true,"href":"https:\/\/stromlighting.com\/en\/wp-json\/wp\/v2\/comments?post=1339"}],"wp:featuredmedia":[{"embeddable":true,"href":"https:\/\/stromlighting.com\/en\/wp-json\/wp\/v2\/media\/564"}],"wp:attachment":[{"href":"https:\/\/stromlighting.com\/en\/wp-json\/wp\/v2\/media?parent=1339"}],"wp:term":[{"taxonomy":"product_brand","embeddable":true,"href":"https:\/\/stromlighting.com\/en\/wp-json\/wp\/v2\/product_brand?post=1339"},{"taxonomy":"product_cat","embeddable":true,"href":"https:\/\/stromlighting.com\/en\/wp-json\/wp\/v2\/product_cat?post=1339"},{"taxonomy":"product_tag","embeddable":true,"href":"https:\/\/stromlighting.com\/en\/wp-json\/wp\/v2\/product_tag?post=1339"}],"curies":[{"name":"wp","href":"https:\/\/api.w.org\/{rel}","templated":true}]}}