{"id":1341,"date":"2024-08-22T22:56:56","date_gmt":"2024-08-22T22:56:56","guid":{"rendered":"https:\/\/stromlighting.com\/skypanel-s60-rp\/"},"modified":"2024-09-08T22:17:59","modified_gmt":"2024-09-08T22:17:59","slug":"skypanel-s60-rp","status":"publish","type":"product","link":"https:\/\/stromlighting.com\/en\/skypanel-s60-rp\/","title":{"rendered":"SkyPanel S60-RP"},"content":{"rendered":"<p>SkyPanel&#8217;in tamamen ayarlanabilir renk versiyonlar\u0131na ek olarak, S60 i\u00e7in uzaktan fosforlu versiyonlar da mevcuttur. Beyaz LED&#8217;ler yapmak i\u00e7in fosforlar tipik olarak do\u011frudan tek bir mavi LED \u00fczerine yerle\u015ftirilir. Uzak fosfor teknolojisi, LED&#8217;lerden daha uzakta konumland\u0131r\u0131lm\u0131\u015f fosforlarla kapl\u0131 bir paneli uyarmak i\u00e7in bir\u00e7ok g\u00fc\u00e7l\u00fc mavi LED kullan\u0131r. M\u00fckemmele yak\u0131n renk sunumu ve ola\u011fan\u00fcst\u00fc \u0131\u015f\u0131k \u00e7\u0131k\u0131\u015f\u0131. Renkli versiyonlardan biraz daha parlak. Daha az karma\u015f\u0131k elektronikler nedeniyle daha d\u00fc\u015f\u00fck fiyat noktas\u0131. 2.700 K; 3.200 K; 4.300 K; 5.600 K; 6.500 K; ve 10.000 K dahil olmak \u00fczere farkl\u0131 renk s\u0131cakl\u0131\u011f\u0131 panelleri mevcuttur.<\/p>\n","protected":false},"excerpt":{"rendered":"<p>SkyPanel&#8217;in tamamen ayarlanabilir renk versiyonlar\u0131na ek olarak, S60 i\u00e7in uzaktan fosforlu versiyonlar da mevcuttur. Beyaz LED&#8217;ler yapmak i\u00e7in fosforlar tipik olarak do\u011frudan tek bir mavi LED<span class=\"excerpt-hellip\"> [\u2026]<\/span><\/p>\n","protected":false},"featured_media":572,"comment_status":"open","ping_status":"closed","template":"","meta":[],"product_brand":[],"product_cat":[75,78,90],"product_tag":[],"class_list":{"0":"post-1341","1":"product","2":"type-product","3":"status-publish","4":"has-post-thumbnail","6":"product_cat-arri-en","7":"product_cat-arri-led-en","8":"product_cat-tum-urunler-en","10":"first","11":"instock","12":"shipping-taxable","13":"product-type-simple"},"_links":{"self":[{"href":"https:\/\/stromlighting.com\/en\/wp-json\/wp\/v2\/product\/1341","targetHints":{"allow":["GET"]}}],"collection":[{"href":"https:\/\/stromlighting.com\/en\/wp-json\/wp\/v2\/product"}],"about":[{"href":"https:\/\/stromlighting.com\/en\/wp-json\/wp\/v2\/types\/product"}],"replies":[{"embeddable":true,"href":"https:\/\/stromlighting.com\/en\/wp-json\/wp\/v2\/comments?post=1341"}],"wp:featuredmedia":[{"embeddable":true,"href":"https:\/\/stromlighting.com\/en\/wp-json\/wp\/v2\/media\/572"}],"wp:attachment":[{"href":"https:\/\/stromlighting.com\/en\/wp-json\/wp\/v2\/media?parent=1341"}],"wp:term":[{"taxonomy":"product_brand","embeddable":true,"href":"https:\/\/stromlighting.com\/en\/wp-json\/wp\/v2\/product_brand?post=1341"},{"taxonomy":"product_cat","embeddable":true,"href":"https:\/\/stromlighting.com\/en\/wp-json\/wp\/v2\/product_cat?post=1341"},{"taxonomy":"product_tag","embeddable":true,"href":"https:\/\/stromlighting.com\/en\/wp-json\/wp\/v2\/product_tag?post=1341"}],"curies":[{"name":"wp","href":"https:\/\/api.w.org\/{rel}","templated":true}]}}