{"id":1343,"date":"2024-08-22T22:59:31","date_gmt":"2024-08-22T22:59:31","guid":{"rendered":"https:\/\/stromlighting.com\/l7-c\/"},"modified":"2024-09-08T22:18:17","modified_gmt":"2024-09-08T22:18:17","slug":"l7-c","status":"publish","type":"product","link":"https:\/\/stromlighting.com\/en\/l7-c\/","title":{"rendered":"L7-C"},"content":{"rendered":"<p>Renk s\u0131cakl\u0131\u011f\u0131, tonu ve tonu 2.800 K ila 10.000 K aras\u0131nda, tam art\u0131 veya eksi ye\u015fil ve RGBW renkleri aras\u0131nda s\u00fcrekli olarak ayarlanabilir.<\/p>\n","protected":false},"excerpt":{"rendered":"<p>Renk s\u0131cakl\u0131\u011f\u0131, tonu ve tonu 2.800 K ila 10.000 K aras\u0131nda, tam art\u0131 veya eksi ye\u015fil ve RGBW renkleri aras\u0131nda s\u00fcrekli olarak ayarlanabilir.<\/p>\n","protected":false},"featured_media":536,"comment_status":"open","ping_status":"closed","template":"","meta":[],"product_brand":[],"product_cat":[75,78,90],"product_tag":[],"class_list":{"0":"post-1343","1":"product","2":"type-product","3":"status-publish","4":"has-post-thumbnail","6":"product_cat-arri-en","7":"product_cat-arri-led-en","8":"product_cat-tum-urunler-en","10":"first","11":"instock","12":"shipping-taxable","13":"product-type-simple"},"_links":{"self":[{"href":"https:\/\/stromlighting.com\/en\/wp-json\/wp\/v2\/product\/1343","targetHints":{"allow":["GET"]}}],"collection":[{"href":"https:\/\/stromlighting.com\/en\/wp-json\/wp\/v2\/product"}],"about":[{"href":"https:\/\/stromlighting.com\/en\/wp-json\/wp\/v2\/types\/product"}],"replies":[{"embeddable":true,"href":"https:\/\/stromlighting.com\/en\/wp-json\/wp\/v2\/comments?post=1343"}],"wp:featuredmedia":[{"embeddable":true,"href":"https:\/\/stromlighting.com\/en\/wp-json\/wp\/v2\/media\/536"}],"wp:attachment":[{"href":"https:\/\/stromlighting.com\/en\/wp-json\/wp\/v2\/media?parent=1343"}],"wp:term":[{"taxonomy":"product_brand","embeddable":true,"href":"https:\/\/stromlighting.com\/en\/wp-json\/wp\/v2\/product_brand?post=1343"},{"taxonomy":"product_cat","embeddable":true,"href":"https:\/\/stromlighting.com\/en\/wp-json\/wp\/v2\/product_cat?post=1343"},{"taxonomy":"product_tag","embeddable":true,"href":"https:\/\/stromlighting.com\/en\/wp-json\/wp\/v2\/product_tag?post=1343"}],"curies":[{"name":"wp","href":"https:\/\/api.w.org\/{rel}","templated":true}]}}