{"id":1344,"date":"2024-08-22T23:00:12","date_gmt":"2024-08-22T23:00:12","guid":{"rendered":"https:\/\/stromlighting.com\/l10-c\/"},"modified":"2024-09-08T22:18:26","modified_gmt":"2024-09-08T22:18:26","slug":"l10-c","status":"publish","type":"product","link":"https:\/\/stromlighting.com\/en\/l10-c\/","title":{"rendered":"L10-C"},"content":{"rendered":"<p>Renk s\u0131cakl\u0131\u011f\u0131, tonu ve tonu 2.800 K ila 10.000 K aras\u0131nda, tam art\u0131 veya eksi ye\u015fil ve RGBW renkleri aras\u0131nda s\u00fcrekli olarak ayarlanabilir.L10, bug\u00fcne kadarki en parlak ve en b\u00fcy\u00fck L Serisi lamba kafas\u0131d\u0131r. \u00d6nemli 10&#8243; Fresnel lensi ve g\u00fc\u00e7l\u00fc \u00e7\u0131k\u0131\u015f\u0131, daha uzak armat\u00fcr yerle\u015fimine ve \u0131\u015f\u0131\u011f\u0131n nesnelerin etraf\u0131n\u0131 do\u011fal ve ho\u015f bir \u015fekilde sarmas\u0131na olanak tan\u0131r. L7&#8217;nin iki kat\u0131ndan daha fazla parlakl\u0131\u011fa sahip olan L10, ayn\u0131 zamanda piyasadaki en parlak LED Fresnel&#8217;lerden biridir. Ayarlanabilirlik, t\u00fcm ARRI LED armat\u00fcrlerinin temel ta\u015f\u0131d\u0131r ve daha k\u00fc\u00e7\u00fck muadilleri olan L7 ve L5 gibi, L10 da tamamen renk ayarl\u0131d\u0131r.Renk s\u0131cakl\u0131\u011f\u0131n\u0131 2.800 K ila 10.000 K aras\u0131nda ve ye\u015fil\/magenta noktas\u0131n\u0131 ayarlayabilme \u00f6zelli\u011fi sayesinde kullan\u0131c\u0131lar armat\u00fcr\u00fcn renk \u00e7\u0131k\u0131\u015f\u0131 \u00fczerinde tam kontrole sahiptir. Al\u00fcminyum ile y\u00fcksek mukavemetli, fiberglas takviyeli termoplastikleri bir araya getiren sa\u011flam bir g\u00f6vdeye sahip olan L10, sinema setlerinden televizyon st\u00fcdyolar\u0131na ve aradaki her \u015feye kadar \u00e7e\u015fitli profesyonel ortamlar\u0131n stresine dayanacak \u015fekilde tasarlanm\u0131\u015ft\u0131r. Bu sa\u011flam yap\u0131, L10&#8217;un di\u011fer ARRI ayd\u0131nlatma armat\u00fcrleri taraf\u0131ndan belirlenen sa\u011flam dayan\u0131kl\u0131l\u0131k kriterlerini kar\u015f\u0131lamas\u0131n\u0131 sa\u011flar.<\/p>\n","protected":false},"excerpt":{"rendered":"<p>Renk s\u0131cakl\u0131\u011f\u0131, tonu ve tonu 2.800 K ila 10.000 K aras\u0131nda, tam art\u0131 veya eksi ye\u015fil ve RGBW renkleri aras\u0131nda s\u00fcrekli olarak ayarlanabilir.L10, bug\u00fcne kadarki en<span class=\"excerpt-hellip\"> [\u2026]<\/span><\/p>\n","protected":false},"featured_media":542,"comment_status":"open","ping_status":"closed","template":"","meta":[],"product_brand":[],"product_cat":[75,78,90],"product_tag":[],"class_list":{"0":"post-1344","1":"product","2":"type-product","3":"status-publish","4":"has-post-thumbnail","6":"product_cat-arri-en","7":"product_cat-arri-led-en","8":"product_cat-tum-urunler-en","10":"first","11":"instock","12":"shipping-taxable","13":"product-type-simple"},"_links":{"self":[{"href":"https:\/\/stromlighting.com\/en\/wp-json\/wp\/v2\/product\/1344","targetHints":{"allow":["GET"]}}],"collection":[{"href":"https:\/\/stromlighting.com\/en\/wp-json\/wp\/v2\/product"}],"about":[{"href":"https:\/\/stromlighting.com\/en\/wp-json\/wp\/v2\/types\/product"}],"replies":[{"embeddable":true,"href":"https:\/\/stromlighting.com\/en\/wp-json\/wp\/v2\/comments?post=1344"}],"wp:featuredmedia":[{"embeddable":true,"href":"https:\/\/stromlighting.com\/en\/wp-json\/wp\/v2\/media\/542"}],"wp:attachment":[{"href":"https:\/\/stromlighting.com\/en\/wp-json\/wp\/v2\/media?parent=1344"}],"wp:term":[{"taxonomy":"product_brand","embeddable":true,"href":"https:\/\/stromlighting.com\/en\/wp-json\/wp\/v2\/product_brand?post=1344"},{"taxonomy":"product_cat","embeddable":true,"href":"https:\/\/stromlighting.com\/en\/wp-json\/wp\/v2\/product_cat?post=1344"},{"taxonomy":"product_tag","embeddable":true,"href":"https:\/\/stromlighting.com\/en\/wp-json\/wp\/v2\/product_tag?post=1344"}],"curies":[{"name":"wp","href":"https:\/\/api.w.org\/{rel}","templated":true}]}}