{"id":1346,"date":"2024-08-22T23:02:03","date_gmt":"2024-08-22T23:02:03","guid":{"rendered":"https:\/\/stromlighting.com\/l5-tt\/"},"modified":"2024-09-08T22:18:45","modified_gmt":"2024-09-08T22:18:45","slug":"l5-tt","status":"publish","type":"product","link":"https:\/\/stromlighting.com\/en\/l5-tt\/","title":{"rendered":"L5-TT"},"content":{"rendered":"<p>Tungsten Tuneable, L5-C&#8217;ye g\u00f6re daha y\u00fcksek parlakl\u0131kla tungsten renk s\u0131cakl\u0131\u011f\u0131n\u0131n 2.600 K ila 3.600 K aras\u0131nda hassas bir \u015fekilde ayarlanmas\u0131na olanak tan\u0131r ve \u00f6zellikle geleneksel tungsten lamba ba\u015fl\u0131klar\u0131yla hassas e\u015fle\u015ftirme gerektiren uygulamalar i\u00e7in uygundur. L Serisine eklenen L5, L7&#8217;yi m\u00fckemmel bir \u015fekilde tamamlayarak televizyon st\u00fcdyolar\u0131 i\u00e7in daha mobil ayd\u0131nlatma ve daha geni\u015f bir g\u00fc\u00e7 s\u0131n\u0131f\u0131 yelpazesi sa\u011flar. Kompakt boyutu ve d\u00fc\u015f\u00fck a\u011f\u0131rl\u0131\u011f\u0131, L5&#8217;in dar yerlere yerle\u015ftirilmesine ve al\u00e7ak tavanlara as\u0131lmas\u0131na olanak tan\u0131r. L5 ayr\u0131ca s\u0131k\u0131\u015f\u0131k mekan \u00e7ekimleri ve r\u00f6portaj kurulumlar\u0131 i\u00e7in de idealdir. D\u00fc\u015f\u00fck \u0131s\u0131, daha g\u00fcvenli ve daha rahat \u00e7ekim ko\u015fullar\u0131 sa\u011flar. Bu \u00e7ok y\u00f6nl\u00fcl\u00fck ve \u00fcst\u00fcn \u0131\u015f\u0131k kalitesi, L5&#8217;i \u00f6d\u00fcll\u00fc L-Serisi ailesinin merakla beklenen bir \u00fcyesi haline getiriyor. L5&#8217;te bulunan yeni \u00f6zellikler aras\u0131nda bir powerCON g\u00fc\u00e7 konekt\u00f6r\u00fc ve end\u00fcstri standard\u0131 pillerin L5&#8217;e \u00f6zelliklerden veya \u0131\u015f\u0131k \u00e7\u0131k\u0131\u015f\u0131ndan \u00f6d\u00fcn vermeden g\u00fc\u00e7 vermesini sa\u011flayan yerle\u015fik bir pil giri\u015fi bulunmaktad\u0131r. Ta\u015f\u0131nabilirlikteki art\u0131\u015f yepyeni uygulama alanlar\u0131 a\u00e7arak L5&#8217;li \u00fcretimlere hareket etme ve h\u0131zl\u0131 \u00e7al\u0131\u015fma konusunda muazzam bir \u00f6zg\u00fcrl\u00fck sa\u011flar. L5, 300 W tungsten Fresnel&#8217;den yakla\u015f\u0131k %45 daha parlakt\u0131r, ancak yaln\u0131zca 115 W t\u00fcketir.L7 ile kar\u015f\u0131la\u015ft\u0131r\u0131ld\u0131\u011f\u0131nda, L5 yar\u0131 a\u011f\u0131rl\u0131k ve boyuttad\u0131r.<\/p>\n","protected":false},"excerpt":{"rendered":"<p>Tungsten Tuneable, L5-C&#8217;ye g\u00f6re daha y\u00fcksek parlakl\u0131kla tungsten renk s\u0131cakl\u0131\u011f\u0131n\u0131n 2.600 K ila 3.600 K aras\u0131nda hassas bir \u015fekilde ayarlanmas\u0131na olanak tan\u0131r ve \u00f6zellikle geleneksel tungsten<span class=\"excerpt-hellip\"> [\u2026]<\/span><\/p>\n","protected":false},"featured_media":534,"comment_status":"open","ping_status":"closed","template":"","meta":[],"product_brand":[],"product_cat":[75,78,90],"product_tag":[],"class_list":{"0":"post-1346","1":"product","2":"type-product","3":"status-publish","4":"has-post-thumbnail","6":"product_cat-arri-en","7":"product_cat-arri-led-en","8":"product_cat-tum-urunler-en","10":"first","11":"instock","12":"shipping-taxable","13":"product-type-simple"},"_links":{"self":[{"href":"https:\/\/stromlighting.com\/en\/wp-json\/wp\/v2\/product\/1346","targetHints":{"allow":["GET"]}}],"collection":[{"href":"https:\/\/stromlighting.com\/en\/wp-json\/wp\/v2\/product"}],"about":[{"href":"https:\/\/stromlighting.com\/en\/wp-json\/wp\/v2\/types\/product"}],"replies":[{"embeddable":true,"href":"https:\/\/stromlighting.com\/en\/wp-json\/wp\/v2\/comments?post=1346"}],"wp:featuredmedia":[{"embeddable":true,"href":"https:\/\/stromlighting.com\/en\/wp-json\/wp\/v2\/media\/534"}],"wp:attachment":[{"href":"https:\/\/stromlighting.com\/en\/wp-json\/wp\/v2\/media?parent=1346"}],"wp:term":[{"taxonomy":"product_brand","embeddable":true,"href":"https:\/\/stromlighting.com\/en\/wp-json\/wp\/v2\/product_brand?post=1346"},{"taxonomy":"product_cat","embeddable":true,"href":"https:\/\/stromlighting.com\/en\/wp-json\/wp\/v2\/product_cat?post=1346"},{"taxonomy":"product_tag","embeddable":true,"href":"https:\/\/stromlighting.com\/en\/wp-json\/wp\/v2\/product_tag?post=1346"}],"curies":[{"name":"wp","href":"https:\/\/api.w.org\/{rel}","templated":true}]}}