{"id":1348,"date":"2024-08-22T23:02:56","date_gmt":"2024-08-22T23:02:56","guid":{"rendered":"https:\/\/stromlighting.com\/l7-tt\/"},"modified":"2024-09-08T22:19:03","modified_gmt":"2024-09-08T22:19:03","slug":"l7-tt","status":"publish","type":"product","link":"https:\/\/stromlighting.com\/en\/l7-tt\/","title":{"rendered":"L7-TT"},"content":{"rendered":"<p>Tungsten Tuneable, L7-C&#8217;ye g\u00f6re daha y\u00fcksek parlakl\u0131kla tungsten renk s\u0131cakl\u0131\u011f\u0131n\u0131n 2.600 K ila 3.600 K aras\u0131nda ince ayarlanmas\u0131na olanak tan\u0131r ve \u00f6zellikle geleneksel tungsten lamba ba\u015fl\u0131klar\u0131yla hassas e\u015fle\u015ftirme gerektiren uygulamalar i\u00e7in uygundur.<\/p>\n","protected":false},"excerpt":{"rendered":"<p>Tungsten Tuneable, L7-C&#8217;ye g\u00f6re daha y\u00fcksek parlakl\u0131kla tungsten renk s\u0131cakl\u0131\u011f\u0131n\u0131n 2.600 K ila 3.600 K aras\u0131nda ince ayarlanmas\u0131na olanak tan\u0131r ve \u00f6zellikle geleneksel tungsten lamba ba\u015fl\u0131klar\u0131yla<span class=\"excerpt-hellip\"> [\u2026]<\/span><\/p>\n","protected":false},"featured_media":540,"comment_status":"open","ping_status":"closed","template":"","meta":[],"product_brand":[],"product_cat":[75,78,90],"product_tag":[],"class_list":{"0":"post-1348","1":"product","2":"type-product","3":"status-publish","4":"has-post-thumbnail","6":"product_cat-arri-en","7":"product_cat-arri-led-en","8":"product_cat-tum-urunler-en","10":"first","11":"instock","12":"shipping-taxable","13":"product-type-simple"},"_links":{"self":[{"href":"https:\/\/stromlighting.com\/en\/wp-json\/wp\/v2\/product\/1348","targetHints":{"allow":["GET"]}}],"collection":[{"href":"https:\/\/stromlighting.com\/en\/wp-json\/wp\/v2\/product"}],"about":[{"href":"https:\/\/stromlighting.com\/en\/wp-json\/wp\/v2\/types\/product"}],"replies":[{"embeddable":true,"href":"https:\/\/stromlighting.com\/en\/wp-json\/wp\/v2\/comments?post=1348"}],"wp:featuredmedia":[{"embeddable":true,"href":"https:\/\/stromlighting.com\/en\/wp-json\/wp\/v2\/media\/540"}],"wp:attachment":[{"href":"https:\/\/stromlighting.com\/en\/wp-json\/wp\/v2\/media?parent=1348"}],"wp:term":[{"taxonomy":"product_brand","embeddable":true,"href":"https:\/\/stromlighting.com\/en\/wp-json\/wp\/v2\/product_brand?post=1348"},{"taxonomy":"product_cat","embeddable":true,"href":"https:\/\/stromlighting.com\/en\/wp-json\/wp\/v2\/product_cat?post=1348"},{"taxonomy":"product_tag","embeddable":true,"href":"https:\/\/stromlighting.com\/en\/wp-json\/wp\/v2\/product_tag?post=1348"}],"curies":[{"name":"wp","href":"https:\/\/api.w.org\/{rel}","templated":true}]}}