{"id":1349,"date":"2024-08-22T23:03:34","date_gmt":"2024-08-22T23:03:34","guid":{"rendered":"https:\/\/stromlighting.com\/l10-dt\/"},"modified":"2024-09-08T22:19:11","modified_gmt":"2024-09-08T22:19:11","slug":"l10-dt","status":"publish","type":"product","link":"https:\/\/stromlighting.com\/en\/l10-dt\/","title":{"rendered":"L10-DT"},"content":{"rendered":"<p>Daylight Tuneable, L10-C&#8217;ye g\u00f6re daha y\u00fcksek parlakl\u0131kla g\u00fcn \u0131\u015f\u0131\u011f\u0131 renk s\u0131cakl\u0131\u011f\u0131n\u0131n 5.000 K ila 6.500 K aras\u0131nda ince ayarlanmas\u0131na olanak tan\u0131r ve \u00f6zellikle g\u00fcn \u0131\u015f\u0131\u011f\u0131 dengeli \u0131\u015f\u0131k kaynaklar\u0131yla hassas e\u015fle\u015ftirme gerektiren uygulamalar i\u00e7in uygundur. L10, bug\u00fcne kadarki en parlak ve en b\u00fcy\u00fck L Serisi lamba kafas\u0131d\u0131r. \u00d6nemli 10 in\u00e7 Fresnel lensi ve g\u00fc\u00e7l\u00fc \u00e7\u0131k\u0131\u015f\u0131, daha uzak armat\u00fcr yerle\u015fimine ve \u0131\u015f\u0131\u011f\u0131n nesnelerin etraf\u0131n\u0131 do\u011fal ve ho\u015f bir \u015fekilde sarmas\u0131na olanak tan\u0131r. L7&#8217;nin iki kat\u0131ndan daha fazla parlakl\u0131\u011fa sahip olan L10, ayn\u0131 zamanda piyasadaki en parlak LED Fresnel&#8217;lerden biridir. Di\u011fer L Serisi \u0131\u015f\u0131klarda oldu\u011fu gibi L10&#8217;un da \u00fc\u00e7 versiyonu bulunmaktad\u0131r: L10-C (Renkli), L10-TT (Tungsten Ayarlanabilir) ve L10-DT (G\u00fcn I\u015f\u0131\u011f\u0131 Ayarlanabilir).L10-C, doygunluk kontrol\u00fc ile canl\u0131 renkler \u00fcreten renk ayarlanabilirli\u011fi a\u00e7\u0131s\u0131ndan en \u00e7ok y\u00f6nl\u00fc olsa da, L10-TT ve L10-DT, L10-C&#8217;den daha parlakt\u0131r ve yine de belirli bir CCT ayar aral\u0131\u011f\u0131 sunar. Al\u00fcminyum ile y\u00fcksek mukavemetli, fiberglas takviyeli termoplastikleri bir araya getiren sa\u011flam bir g\u00f6vdeye sahip olan L10, sinema setlerinden televizyon st\u00fcdyolar\u0131na ve aradaki her \u015feye kadar \u00e7e\u015fitli profesyonel ortamlar\u0131n stresine dayanacak \u015fekilde tasarlanm\u0131\u015ft\u0131r. Bu sa\u011flam yap\u0131, L10&#8217;un di\u011fer ARRI ayd\u0131nlatma armat\u00fcrleri taraf\u0131ndan belirlenen sa\u011flam dayan\u0131kl\u0131l\u0131k kriterlerini kar\u015f\u0131lamas\u0131n\u0131 sa\u011flar.<\/p>\n","protected":false},"excerpt":{"rendered":"<p>Daylight Tuneable, L10-C&#8217;ye g\u00f6re daha y\u00fcksek parlakl\u0131kla g\u00fcn \u0131\u015f\u0131\u011f\u0131 renk s\u0131cakl\u0131\u011f\u0131n\u0131n 5.000 K ila 6.500 K aras\u0131nda ince ayarlanmas\u0131na olanak tan\u0131r ve \u00f6zellikle g\u00fcn \u0131\u015f\u0131\u011f\u0131 dengeli<span class=\"excerpt-hellip\"> [\u2026]<\/span><\/p>\n","protected":false},"featured_media":544,"comment_status":"open","ping_status":"closed","template":"","meta":[],"product_brand":[],"product_cat":[75,78,90],"product_tag":[],"class_list":{"0":"post-1349","1":"product","2":"type-product","3":"status-publish","4":"has-post-thumbnail","6":"product_cat-arri-en","7":"product_cat-arri-led-en","8":"product_cat-tum-urunler-en","10":"first","11":"instock","12":"shipping-taxable","13":"product-type-simple"},"_links":{"self":[{"href":"https:\/\/stromlighting.com\/en\/wp-json\/wp\/v2\/product\/1349","targetHints":{"allow":["GET"]}}],"collection":[{"href":"https:\/\/stromlighting.com\/en\/wp-json\/wp\/v2\/product"}],"about":[{"href":"https:\/\/stromlighting.com\/en\/wp-json\/wp\/v2\/types\/product"}],"replies":[{"embeddable":true,"href":"https:\/\/stromlighting.com\/en\/wp-json\/wp\/v2\/comments?post=1349"}],"wp:featuredmedia":[{"embeddable":true,"href":"https:\/\/stromlighting.com\/en\/wp-json\/wp\/v2\/media\/544"}],"wp:attachment":[{"href":"https:\/\/stromlighting.com\/en\/wp-json\/wp\/v2\/media?parent=1349"}],"wp:term":[{"taxonomy":"product_brand","embeddable":true,"href":"https:\/\/stromlighting.com\/en\/wp-json\/wp\/v2\/product_brand?post=1349"},{"taxonomy":"product_cat","embeddable":true,"href":"https:\/\/stromlighting.com\/en\/wp-json\/wp\/v2\/product_cat?post=1349"},{"taxonomy":"product_tag","embeddable":true,"href":"https:\/\/stromlighting.com\/en\/wp-json\/wp\/v2\/product_tag?post=1349"}],"curies":[{"name":"wp","href":"https:\/\/api.w.org\/{rel}","templated":true}]}}