{"id":1351,"date":"2024-08-22T23:05:00","date_gmt":"2024-08-22T23:05:00","guid":{"rendered":"https:\/\/stromlighting.com\/broadcaster-2-plus\/"},"modified":"2024-09-08T22:19:32","modified_gmt":"2024-09-08T22:19:32","slug":"broadcaster-2-plus","status":"publish","type":"product","link":"https:\/\/stromlighting.com\/en\/broadcaster-2-plus\/","title":{"rendered":"BroadCaster 2 Plus"},"content":{"rendered":"<p>ARRI BroadCaster 2 Plus, uzaktan kumanda i\u00e7in dahili bir DMX kontrol\u00f6r\u00fcne sahiptir ve k\u00fc\u00e7\u00fck ve orta \u00f6l\u00e7ekli st\u00fcdyolarda dar noktalar\u0131 ayd\u0131nlat\u0131rken \u00e7ok y\u00f6nl\u00fcl\u00fck sunar. Yo\u011funluk, renk s\u0131cakl\u0131\u011f\u0131 ve \u00b1 ye\u015fil ba\u011f\u0131ms\u0131z olarak kontrol edilebilir. 2.800 K ila 6.500 K aras\u0131nda ayarlanabilen renk s\u0131cakl\u0131\u011f\u0131 ayarlar\u0131 ve &gt; 94 CRI (Renk \u0130\u015fleme Endeksi) ile ARRI Caster LED armat\u00fcrleri, mevcut bir ayd\u0131nlatma kurulumuna veya bir konum \u00e7ekiminin de\u011fi\u015fken ko\u015fullar\u0131na kolayca uyum sa\u011flar. Ayr\u0131ca ARRI LED Teknolojisinden yararlanarak do\u011fal \u0131\u015f\u0131k \u00f6zellikleri, tek g\u00f6lge olu\u015fturma, tutarl\u0131 \u0131\u015f\u0131k \u00e7\u0131k\u0131\u015f\u0131 ve mutlak renk kararl\u0131l\u0131\u011f\u0131n\u0131 garanti ederler.<\/p>\n","protected":false},"excerpt":{"rendered":"<p>ARRI BroadCaster 2 Plus, uzaktan kumanda i\u00e7in dahili bir DMX kontrol\u00f6r\u00fcne sahiptir ve k\u00fc\u00e7\u00fck ve orta \u00f6l\u00e7ekli st\u00fcdyolarda dar noktalar\u0131 ayd\u0131nlat\u0131rken \u00e7ok y\u00f6nl\u00fcl\u00fck sunar. Yo\u011funluk, renk<span class=\"excerpt-hellip\"> [\u2026]<\/span><\/p>\n","protected":false},"featured_media":512,"comment_status":"open","ping_status":"closed","template":"","meta":[],"product_brand":[],"product_cat":[75,78,90],"product_tag":[],"class_list":{"0":"post-1351","1":"product","2":"type-product","3":"status-publish","4":"has-post-thumbnail","6":"product_cat-arri-en","7":"product_cat-arri-led-en","8":"product_cat-tum-urunler-en","10":"first","11":"instock","12":"shipping-taxable","13":"product-type-simple"},"_links":{"self":[{"href":"https:\/\/stromlighting.com\/en\/wp-json\/wp\/v2\/product\/1351","targetHints":{"allow":["GET"]}}],"collection":[{"href":"https:\/\/stromlighting.com\/en\/wp-json\/wp\/v2\/product"}],"about":[{"href":"https:\/\/stromlighting.com\/en\/wp-json\/wp\/v2\/types\/product"}],"replies":[{"embeddable":true,"href":"https:\/\/stromlighting.com\/en\/wp-json\/wp\/v2\/comments?post=1351"}],"wp:featuredmedia":[{"embeddable":true,"href":"https:\/\/stromlighting.com\/en\/wp-json\/wp\/v2\/media\/512"}],"wp:attachment":[{"href":"https:\/\/stromlighting.com\/en\/wp-json\/wp\/v2\/media?parent=1351"}],"wp:term":[{"taxonomy":"product_brand","embeddable":true,"href":"https:\/\/stromlighting.com\/en\/wp-json\/wp\/v2\/product_brand?post=1351"},{"taxonomy":"product_cat","embeddable":true,"href":"https:\/\/stromlighting.com\/en\/wp-json\/wp\/v2\/product_cat?post=1351"},{"taxonomy":"product_tag","embeddable":true,"href":"https:\/\/stromlighting.com\/en\/wp-json\/wp\/v2\/product_tag?post=1351"}],"curies":[{"name":"wp","href":"https:\/\/api.w.org\/{rel}","templated":true}]}}