{"id":1353,"date":"2024-08-22T23:05:26","date_gmt":"2024-08-22T23:05:26","guid":{"rendered":"https:\/\/stromlighting.com\/locaster-2-plus\/"},"modified":"2024-09-08T22:19:40","modified_gmt":"2024-09-08T22:19:40","slug":"locaster-2-plus","status":"publish","type":"product","link":"https:\/\/stromlighting.com\/en\/locaster-2-plus\/","title":{"rendered":"LoCaster 2 Plus"},"content":{"rendered":"<p>ARRI LoCaster, alt\u0131 renk s\u0131cakl\u0131\u011f\u0131 ayar\u0131, s\u00fcrekli karartma ve A\u00c7MA\/KAPAMA anahtar\u0131 se\u00e7enekleriyle kullan\u0131m\u0131 kolay bir yerle\u015fik kontrol\u00f6re sahiptir.Yaln\u0131zca 960 g (2 lbs) a\u011f\u0131rl\u0131\u011f\u0131yla mobil uygulamalar i\u00e7in ideal bir yard\u0131mc\u0131d\u0131r. 2.800 K ila 6.500 K aras\u0131nda ayarlanabilen renk s\u0131cakl\u0131\u011f\u0131 ayarlar\u0131 ve &gt; 94 CRI (Renk \u0130\u015fleme Endeksi) ile ARRI Caster LED armat\u00fcrleri, mevcut bir ayd\u0131nlatma kurulumuna veya bir mekan \u00e7ekiminin de\u011fi\u015fken ko\u015fullar\u0131na kolayca uyum sa\u011flar. Ayr\u0131ca ARRI LED Teknolojisinden yararlanarak do\u011fal \u0131\u015f\u0131k \u00f6zellikleri, tek g\u00f6lge olu\u015fturma, tutarl\u0131 \u0131\u015f\u0131k \u00e7\u0131k\u0131\u015f\u0131 ve mutlak renk kararl\u0131l\u0131\u011f\u0131n\u0131 garanti ederler.<\/p>\n","protected":false},"excerpt":{"rendered":"<p>ARRI LoCaster, alt\u0131 renk s\u0131cakl\u0131\u011f\u0131 ayar\u0131, s\u00fcrekli karartma ve A\u00c7MA\/KAPAMA anahtar\u0131 se\u00e7enekleriyle kullan\u0131m\u0131 kolay bir yerle\u015fik kontrol\u00f6re sahiptir.Yaln\u0131zca 960 g (2 lbs) a\u011f\u0131rl\u0131\u011f\u0131yla mobil uygulamalar i\u00e7in<span class=\"excerpt-hellip\"> [\u2026]<\/span><\/p>\n","protected":false},"featured_media":550,"comment_status":"open","ping_status":"closed","template":"","meta":[],"product_brand":[],"product_cat":[75,78,90],"product_tag":[],"class_list":{"0":"post-1353","1":"product","2":"type-product","3":"status-publish","4":"has-post-thumbnail","6":"product_cat-arri-en","7":"product_cat-arri-led-en","8":"product_cat-tum-urunler-en","10":"first","11":"instock","12":"shipping-taxable","13":"product-type-simple"},"_links":{"self":[{"href":"https:\/\/stromlighting.com\/en\/wp-json\/wp\/v2\/product\/1353","targetHints":{"allow":["GET"]}}],"collection":[{"href":"https:\/\/stromlighting.com\/en\/wp-json\/wp\/v2\/product"}],"about":[{"href":"https:\/\/stromlighting.com\/en\/wp-json\/wp\/v2\/types\/product"}],"replies":[{"embeddable":true,"href":"https:\/\/stromlighting.com\/en\/wp-json\/wp\/v2\/comments?post=1353"}],"wp:featuredmedia":[{"embeddable":true,"href":"https:\/\/stromlighting.com\/en\/wp-json\/wp\/v2\/media\/550"}],"wp:attachment":[{"href":"https:\/\/stromlighting.com\/en\/wp-json\/wp\/v2\/media?parent=1353"}],"wp:term":[{"taxonomy":"product_brand","embeddable":true,"href":"https:\/\/stromlighting.com\/en\/wp-json\/wp\/v2\/product_brand?post=1353"},{"taxonomy":"product_cat","embeddable":true,"href":"https:\/\/stromlighting.com\/en\/wp-json\/wp\/v2\/product_cat?post=1353"},{"taxonomy":"product_tag","embeddable":true,"href":"https:\/\/stromlighting.com\/en\/wp-json\/wp\/v2\/product_tag?post=1353"}],"curies":[{"name":"wp","href":"https:\/\/api.w.org\/{rel}","templated":true}]}}