{"id":1354,"date":"2024-08-22T23:07:32","date_gmt":"2024-08-22T23:07:32","guid":{"rendered":"https:\/\/stromlighting.com\/m8\/"},"modified":"2024-09-08T22:19:48","modified_gmt":"2024-09-08T22:19:48","slug":"m8","status":"publish","type":"product","link":"https:\/\/stromlighting.com\/en\/m8\/","title":{"rendered":"M8"},"content":{"rendered":"<p>M8, ARRI&#8217;nin son derece ba\u015far\u0131l\u0131 M-Serisi HMI lamba ba\u015fl\u0131klar\u0131n\u0131n en yeni ve en k\u00fc\u00e7\u00fck ayd\u0131nlatma armat\u00fcr\u00fcd\u00fcr. M Serisinin geri kalan\u0131 gibi M8 de Fresnel ve PAR armat\u00fcr\u00fcn\u00fcn avantajlar\u0131n\u0131 birle\u015ftiren benzersiz, patentli bir reflekt\u00f6r tasar\u0131m\u0131 olan MAX Teknolojisiyle donat\u0131lm\u0131\u015ft\u0131r. A\u00e7\u0131k y\u00fcz tasar\u0131m\u0131 ve MAX Teknolojisi reflekt\u00f6r\u00fcn\u00fcn rakipsiz verimlili\u011finin birle\u015fimi M8&#8217;i ola\u011fan\u00fcst\u00fc parlak hale getirir; asl\u0131nda, 800 W lambas\u0131n\u0131n \u00fcretti\u011fi \u0131\u015f\u0131k \u00e7\u0131k\u0131\u015f\u0131, 1.200 W Fresnel veya PAR (lensli) \u00e7\u0131k\u0131\u015f\u0131na yakla\u015f\u0131r. \u00dcnite, sadece odak d\u00fc\u011fmesini \u00e7evirerek 15\u00b0 ile 60\u00b0 aras\u0131nda odaklanabilir ve dikkat \u00e7ekici derecede e\u015fit bir \u0131\u015f\u0131k alan\u0131 ve net, berrak bir g\u00f6lge \u00fcretir. M8, hantal ve kolayca k\u0131r\u0131labilen yay\u0131lan lenslere olan ihtiyac\u0131 ortadan kald\u0131rarak setteki i\u015f ak\u0131\u015flar\u0131n\u0131 h\u0131zland\u0131racak.<\/p>\n","protected":false},"excerpt":{"rendered":"<p>M8, ARRI&#8217;nin son derece ba\u015far\u0131l\u0131 M-Serisi HMI lamba ba\u015fl\u0131klar\u0131n\u0131n en yeni ve en k\u00fc\u00e7\u00fck ayd\u0131nlatma armat\u00fcr\u00fcd\u00fcr. M Serisinin geri kalan\u0131 gibi M8 de Fresnel ve PAR<span class=\"excerpt-hellip\"> [\u2026]<\/span><\/p>\n","protected":false},"featured_media":552,"comment_status":"open","ping_status":"closed","template":"","meta":[],"product_brand":[],"product_cat":[75,77,90],"product_tag":[],"class_list":{"0":"post-1354","1":"product","2":"type-product","3":"status-publish","4":"has-post-thumbnail","6":"product_cat-arri-en","7":"product_cat-arri-daylight-en","8":"product_cat-tum-urunler-en","10":"first","11":"instock","12":"shipping-taxable","13":"product-type-simple"},"_links":{"self":[{"href":"https:\/\/stromlighting.com\/en\/wp-json\/wp\/v2\/product\/1354","targetHints":{"allow":["GET"]}}],"collection":[{"href":"https:\/\/stromlighting.com\/en\/wp-json\/wp\/v2\/product"}],"about":[{"href":"https:\/\/stromlighting.com\/en\/wp-json\/wp\/v2\/types\/product"}],"replies":[{"embeddable":true,"href":"https:\/\/stromlighting.com\/en\/wp-json\/wp\/v2\/comments?post=1354"}],"wp:featuredmedia":[{"embeddable":true,"href":"https:\/\/stromlighting.com\/en\/wp-json\/wp\/v2\/media\/552"}],"wp:attachment":[{"href":"https:\/\/stromlighting.com\/en\/wp-json\/wp\/v2\/media?parent=1354"}],"wp:term":[{"taxonomy":"product_brand","embeddable":true,"href":"https:\/\/stromlighting.com\/en\/wp-json\/wp\/v2\/product_brand?post=1354"},{"taxonomy":"product_cat","embeddable":true,"href":"https:\/\/stromlighting.com\/en\/wp-json\/wp\/v2\/product_cat?post=1354"},{"taxonomy":"product_tag","embeddable":true,"href":"https:\/\/stromlighting.com\/en\/wp-json\/wp\/v2\/product_tag?post=1354"}],"curies":[{"name":"wp","href":"https:\/\/api.w.org\/{rel}","templated":true}]}}