{"id":1355,"date":"2024-08-22T23:08:05","date_gmt":"2024-08-22T23:08:05","guid":{"rendered":"https:\/\/stromlighting.com\/m18\/"},"modified":"2024-09-08T22:20:01","modified_gmt":"2024-09-08T22:20:01","slug":"m18","status":"publish","type":"product","link":"https:\/\/stromlighting.com\/en\/m18\/","title":{"rendered":"M18"},"content":{"rendered":"<p>M18, ARRIMAX&#8217;\u0131n Akademi Bilim ve M\u00fchendislik \u00d6d\u00fcll\u00fc lenssiz optik teknolojisini yenilik\u00e7i True Blue tasar\u0131m\u0131yla birle\u015ftiren 1.800 W a\u00e7\u0131k y\u00fczl\u00fc bir lamba ba\u015fl\u0131\u011f\u0131d\u0131r. Sonu\u00e7, 1.200W PAR kadar k\u00fc\u00e7\u00fck ancak %70 daha y\u00fcksek \u0131\u015f\u0131k \u00e7\u0131k\u0131\u015f\u0131na sahip son derece g\u00fc\u00e7l\u00fc bir lamba kafas\u0131d\u0131r. M-Serisi M18 armat\u00fcr, yay\u0131c\u0131 lensler gerektirmeden 20\u00b0 ila 60\u00b0 aras\u0131nda ayarlanabilir.<\/p>\n","protected":false},"excerpt":{"rendered":"<p>M18, ARRIMAX&#8217;\u0131n Akademi Bilim ve M\u00fchendislik \u00d6d\u00fcll\u00fc lenssiz optik teknolojisini yenilik\u00e7i True Blue tasar\u0131m\u0131yla birle\u015ftiren 1.800 W a\u00e7\u0131k y\u00fczl\u00fc bir lamba ba\u015fl\u0131\u011f\u0131d\u0131r. Sonu\u00e7, 1.200W PAR kadar<span class=\"excerpt-hellip\"> [\u2026]<\/span><\/p>\n","protected":false},"featured_media":554,"comment_status":"open","ping_status":"closed","template":"","meta":[],"product_brand":[],"product_cat":[75,77,90],"product_tag":[],"class_list":{"0":"post-1355","1":"product","2":"type-product","3":"status-publish","4":"has-post-thumbnail","6":"product_cat-arri-en","7":"product_cat-arri-daylight-en","8":"product_cat-tum-urunler-en","10":"first","11":"instock","12":"shipping-taxable","13":"product-type-simple"},"_links":{"self":[{"href":"https:\/\/stromlighting.com\/en\/wp-json\/wp\/v2\/product\/1355","targetHints":{"allow":["GET"]}}],"collection":[{"href":"https:\/\/stromlighting.com\/en\/wp-json\/wp\/v2\/product"}],"about":[{"href":"https:\/\/stromlighting.com\/en\/wp-json\/wp\/v2\/types\/product"}],"replies":[{"embeddable":true,"href":"https:\/\/stromlighting.com\/en\/wp-json\/wp\/v2\/comments?post=1355"}],"wp:featuredmedia":[{"embeddable":true,"href":"https:\/\/stromlighting.com\/en\/wp-json\/wp\/v2\/media\/554"}],"wp:attachment":[{"href":"https:\/\/stromlighting.com\/en\/wp-json\/wp\/v2\/media?parent=1355"}],"wp:term":[{"taxonomy":"product_brand","embeddable":true,"href":"https:\/\/stromlighting.com\/en\/wp-json\/wp\/v2\/product_brand?post=1355"},{"taxonomy":"product_cat","embeddable":true,"href":"https:\/\/stromlighting.com\/en\/wp-json\/wp\/v2\/product_cat?post=1355"},{"taxonomy":"product_tag","embeddable":true,"href":"https:\/\/stromlighting.com\/en\/wp-json\/wp\/v2\/product_tag?post=1355"}],"curies":[{"name":"wp","href":"https:\/\/api.w.org\/{rel}","templated":true}]}}