{"id":1356,"date":"2024-08-22T23:08:35","date_gmt":"2024-08-22T23:08:35","guid":{"rendered":"https:\/\/stromlighting.com\/m40\/"},"modified":"2024-09-08T22:20:11","modified_gmt":"2024-09-08T22:20:11","slug":"m40","status":"publish","type":"product","link":"https:\/\/stromlighting.com\/en\/m40\/","title":{"rendered":"M40"},"content":{"rendered":"<p>ARRI M-Serisi&#8217;nin bir \u00fcyesi olan M40, Fresnel ve PAR armat\u00fcrlerinin avantajlar\u0131n\u0131 birle\u015ftiren lenssiz bir sistemdir. \u00dcnite a\u00e7\u0131k y\u00fczl\u00fcd\u00fcr ve bu nedenle \u00e7ok parlakt\u0131r: spottaki bir AS40&#8217;tan yakla\u015f\u0131k %30 daha parlakt\u0131r. Benzersiz, patentli MAX Teknolojisi reflekt\u00f6r\u00fc sayesinde 18 ila 52\u00b0 Yar\u0131 Tepe A\u00e7\u0131s\u0131 aral\u0131\u011f\u0131nda odaklanabilir. M40, t\u00fcm odak aral\u0131\u011f\u0131 boyunca net g\u00f6lgeler olu\u015fturan son derece e\u015fit bir \u0131\u015f\u0131n yay\u0131l\u0131m\u0131 sa\u011flar. Reflekt\u00f6r \u00f6zellikleri 4.000 W lambalar i\u00e7in optimize edilmi\u015ftir, ancak 2.500 W lambalarla da kullan\u0131labilir. Lamba kafas\u0131 bir CCL mod\u00fcl\u00fc (Kablo Kay\u0131plar\u0131n\u0131n Telafisi) ile donat\u0131lm\u0131\u015ft\u0131r.CCL&#8217;li ARRI EB 2,5\/4 kW Y\u00fcksek H\u0131zl\u0131 AutoScan ile \u00e7al\u0131\u015ft\u0131r\u0131ld\u0131\u011f\u0131nda, \u00e7ok uzun kablolar kullan\u0131ld\u0131\u011f\u0131nda bile lambaya kadar tam g\u00fc\u00e7 korunur. Bu, kablo uzunlu\u011fundan ba\u011f\u0131ms\u0131z olarak e\u015fit derecede y\u00fcksek \u0131\u015f\u0131k \u00e7\u0131k\u0131\u015f\u0131 anlam\u0131na gelir.<\/p>\n","protected":false},"excerpt":{"rendered":"<p>ARRI M-Serisi&#8217;nin bir \u00fcyesi olan M40, Fresnel ve PAR armat\u00fcrlerinin avantajlar\u0131n\u0131 birle\u015ftiren lenssiz bir sistemdir. \u00dcnite a\u00e7\u0131k y\u00fczl\u00fcd\u00fcr ve bu nedenle \u00e7ok parlakt\u0131r: spottaki bir AS40&#8217;tan<span class=\"excerpt-hellip\"> [\u2026]<\/span><\/p>\n","protected":false},"featured_media":556,"comment_status":"open","ping_status":"closed","template":"","meta":[],"product_brand":[],"product_cat":[75,77,90],"product_tag":[],"class_list":{"0":"post-1356","1":"product","2":"type-product","3":"status-publish","4":"has-post-thumbnail","6":"product_cat-arri-en","7":"product_cat-arri-daylight-en","8":"product_cat-tum-urunler-en","10":"first","11":"instock","12":"shipping-taxable","13":"product-type-simple"},"_links":{"self":[{"href":"https:\/\/stromlighting.com\/en\/wp-json\/wp\/v2\/product\/1356","targetHints":{"allow":["GET"]}}],"collection":[{"href":"https:\/\/stromlighting.com\/en\/wp-json\/wp\/v2\/product"}],"about":[{"href":"https:\/\/stromlighting.com\/en\/wp-json\/wp\/v2\/types\/product"}],"replies":[{"embeddable":true,"href":"https:\/\/stromlighting.com\/en\/wp-json\/wp\/v2\/comments?post=1356"}],"wp:featuredmedia":[{"embeddable":true,"href":"https:\/\/stromlighting.com\/en\/wp-json\/wp\/v2\/media\/556"}],"wp:attachment":[{"href":"https:\/\/stromlighting.com\/en\/wp-json\/wp\/v2\/media?parent=1356"}],"wp:term":[{"taxonomy":"product_brand","embeddable":true,"href":"https:\/\/stromlighting.com\/en\/wp-json\/wp\/v2\/product_brand?post=1356"},{"taxonomy":"product_cat","embeddable":true,"href":"https:\/\/stromlighting.com\/en\/wp-json\/wp\/v2\/product_cat?post=1356"},{"taxonomy":"product_tag","embeddable":true,"href":"https:\/\/stromlighting.com\/en\/wp-json\/wp\/v2\/product_tag?post=1356"}],"curies":[{"name":"wp","href":"https:\/\/api.w.org\/{rel}","templated":true}]}}