{"id":1357,"date":"2024-08-22T23:09:02","date_gmt":"2024-08-22T23:09:02","guid":{"rendered":"https:\/\/stromlighting.com\/m90\/"},"modified":"2024-09-08T22:20:19","modified_gmt":"2024-09-08T22:20:19","slug":"m90","status":"publish","type":"product","link":"https:\/\/stromlighting.com\/en\/m90\/","title":{"rendered":"M90"},"content":{"rendered":"<p>M90, M40 ile ARRIMAX 18\/12 aras\u0131ndaki bo\u015flu\u011fu kapatarak bu ikisinin neredeyse tam ortas\u0131nda yer al\u0131yor. Sadece odak d\u00fc\u011fmesini \u00e7evirerek 15\u00b0&#8217;den 49\u00b0&#8217;ye kadar odaklanabilen \u00fcnite, son derece e\u015fit bir \u0131\u015f\u0131k alan\u0131 ve net, berrak bir g\u00f6lge \u00fcretir. Yay\u0131lan lenslerin ortadan kald\u0131r\u0131lmas\u0131 setteki i\u015f ak\u0131\u015f\u0131n\u0131 h\u0131zland\u0131r\u0131r. 9.000 W lamba, boyut olarak 6.000 W lambaya \u00e7ok benzer, bu da MAX Technology reflekt\u00f6r\u00fcn her iki watt de\u011ferinde de m\u00fckemmel \u00e7al\u0131\u015fmas\u0131n\u0131 sa\u011flar. \u00dcst\u00fcn muhafaza ve so\u011futma konsepti, ARRISUN 60&#8217;\u0131n boyutlar\u0131na yak\u0131n \u00e7ok kompakt bir tasar\u0131m ortaya \u00e7\u0131karm\u0131\u015ft\u0131r. AutoScan \u00f6zellikli en yeni elektronik y\u00fcksek h\u0131zl\u0131 balast EB 6\/9 HS ile birlikte bu kombinasyon, y\u00fcksek kare h\u0131zlar\u0131nda y\u00fcksek kaliteli g\u00f6r\u00fcnt\u00fcler i\u00e7in en geli\u015fmi\u015f g\u00fcn \u0131\u015f\u0131\u011f\u0131 sistemini temsil eder. T\u00fcm EB 6\/9 kW balastlar, \u00e7ok uzun kablolar kullan\u0131ld\u0131\u011f\u0131nda bile lambaya kadar tam g\u00fcc\u00fcn korunmas\u0131n\u0131 sa\u011flayan CCL mod\u00fcl\u00fc (Kablo Kay\u0131plar\u0131n\u0131n Telafisi) ile donat\u0131lm\u0131\u015ft\u0131r. Bu, kablo uzunlu\u011fundan ba\u011f\u0131ms\u0131z olarak e\u015fit derecede y\u00fcksek \u0131\u015f\u0131k \u00e7\u0131k\u0131\u015f\u0131 anlam\u0131na gelir. Beraberinde gelen EB 6\/9 kW balast mevcut EB 6000 Baby&#8217;nin g\u00f6vdesini kulland\u0131\u011f\u0131ndan, 6 kW Head-to-Ballast kablolar\u0131 uyumludur ve t\u00fcm sistem son derece verimlidir ve 6 kW PAR sisteminin boyutlar\u0131 i\u00e7inde geleneksel 12 kW PAR&#8217;a (lensli) yak\u0131n bir \u0131\u015f\u0131k \u00e7\u0131k\u0131\u015f\u0131 sa\u011flar &#8211; a\u011f\u0131rl\u0131\u011f\u0131n\u0131n \u00fczerinde yumruk atar!<\/p>\n","protected":false},"excerpt":{"rendered":"<p>M90, M40 ile ARRIMAX 18\/12 aras\u0131ndaki bo\u015flu\u011fu kapatarak bu ikisinin neredeyse tam ortas\u0131nda yer al\u0131yor. Sadece odak d\u00fc\u011fmesini \u00e7evirerek 15\u00b0&#8217;den 49\u00b0&#8217;ye kadar odaklanabilen \u00fcnite, son derece<span class=\"excerpt-hellip\"> [\u2026]<\/span><\/p>\n","protected":false},"featured_media":558,"comment_status":"open","ping_status":"closed","template":"","meta":[],"product_brand":[],"product_cat":[75,77,90],"product_tag":[],"class_list":{"0":"post-1357","1":"product","2":"type-product","3":"status-publish","4":"has-post-thumbnail","6":"product_cat-arri-en","7":"product_cat-arri-daylight-en","8":"product_cat-tum-urunler-en","10":"first","11":"instock","12":"shipping-taxable","13":"product-type-simple"},"_links":{"self":[{"href":"https:\/\/stromlighting.com\/en\/wp-json\/wp\/v2\/product\/1357","targetHints":{"allow":["GET"]}}],"collection":[{"href":"https:\/\/stromlighting.com\/en\/wp-json\/wp\/v2\/product"}],"about":[{"href":"https:\/\/stromlighting.com\/en\/wp-json\/wp\/v2\/types\/product"}],"replies":[{"embeddable":true,"href":"https:\/\/stromlighting.com\/en\/wp-json\/wp\/v2\/comments?post=1357"}],"wp:featuredmedia":[{"embeddable":true,"href":"https:\/\/stromlighting.com\/en\/wp-json\/wp\/v2\/media\/558"}],"wp:attachment":[{"href":"https:\/\/stromlighting.com\/en\/wp-json\/wp\/v2\/media?parent=1357"}],"wp:term":[{"taxonomy":"product_brand","embeddable":true,"href":"https:\/\/stromlighting.com\/en\/wp-json\/wp\/v2\/product_brand?post=1357"},{"taxonomy":"product_cat","embeddable":true,"href":"https:\/\/stromlighting.com\/en\/wp-json\/wp\/v2\/product_cat?post=1357"},{"taxonomy":"product_tag","embeddable":true,"href":"https:\/\/stromlighting.com\/en\/wp-json\/wp\/v2\/product_tag?post=1357"}],"curies":[{"name":"wp","href":"https:\/\/api.w.org\/{rel}","templated":true}]}}