{"id":1358,"date":"2024-08-22T23:09:28","date_gmt":"2024-08-22T23:09:28","guid":{"rendered":"https:\/\/stromlighting.com\/arrimax-18-12\/"},"modified":"2024-09-08T22:20:30","modified_gmt":"2024-09-08T22:20:30","slug":"arrimax-18-12","status":"publish","type":"product","link":"https:\/\/stromlighting.com\/en\/arrimax-18-12\/","title":{"rendered":"ARRIMAX 18\/12"},"content":{"rendered":"<p>Akademi \u00d6d\u00fcll\u00fc orijinal ARRIMAX, maksimum \u0131\u015f\u0131k \u00e7\u0131k\u0131\u015f\u0131 gerektiren prod\u00fcksiyonlar i\u00e7in en iyi se\u00e7im olmaya devam etmektedir. 580 mm (22,8&#8243;) \u00e7ap\u0131ndaki parabolik fasetli reflekt\u00f6r, 15\u00b0 ila 50\u00b0 \u0131\u015f\u0131n a\u00e7\u0131s\u0131 aras\u0131nda s\u00fcrekli odak ayar\u0131 sa\u011flar ve ARRIMAX bir dizi yayma merce\u011fi gerektirmedi\u011finden g\u00f6lgeler keskin ve kolay kesilir. Her iki lamba tipi taban\u0131 i\u00e7in g\u00fcvenli ve kolay 18\/12 kW, 18.000 W tek u\u00e7lu lambalar, ARRI m\u00fchendislerinin lamba pimlerindeki mekanik gerilimi azaltan ve art\u0131k yaln\u0131zca elektrik ba\u011flant\u0131s\u0131 g\u00f6revi g\u00f6ren \u00f6zel bir duy tasarlad\u0131\u011f\u0131 daha sa\u011flam bir GX51 lamba taban\u0131 kullan\u0131r. Lamba s\u0131k\u0131\u015ft\u0131rma mekanizmas\u0131 kendili\u011finden hizalan\u0131yor ve sa\u011flam, g\u00f6mme bir lamba kilit kolu kullan\u0131yor. Ekiplerin 12.000 W lambalar\u0131 veya 18.000 W tek u\u00e7lu lambalar\u0131n G38 tabanl\u0131 versiyonlar\u0131n\u0131 kolayca kullanabilmelerini sa\u011flamak i\u00e7in yeni duy, herhangi bir de\u011fi\u015fiklik veya ayarlama yapmadan her iki lamba tipini de kabul eder.<\/p>\n","protected":false},"excerpt":{"rendered":"<p>Akademi \u00d6d\u00fcll\u00fc orijinal ARRIMAX, maksimum \u0131\u015f\u0131k \u00e7\u0131k\u0131\u015f\u0131 gerektiren prod\u00fcksiyonlar i\u00e7in en iyi se\u00e7im olmaya devam etmektedir. 580 mm (22,8&#8243;) \u00e7ap\u0131ndaki parabolik fasetli reflekt\u00f6r, 15\u00b0 ila 50\u00b0<span class=\"excerpt-hellip\"> [\u2026]<\/span><\/p>\n","protected":false},"featured_media":604,"comment_status":"open","ping_status":"closed","template":"","meta":[],"product_brand":[],"product_cat":[75,77,90],"product_tag":[],"class_list":{"0":"post-1358","1":"product","2":"type-product","3":"status-publish","4":"has-post-thumbnail","6":"product_cat-arri-en","7":"product_cat-arri-daylight-en","8":"product_cat-tum-urunler-en","10":"first","11":"instock","12":"shipping-taxable","13":"product-type-simple"},"_links":{"self":[{"href":"https:\/\/stromlighting.com\/en\/wp-json\/wp\/v2\/product\/1358","targetHints":{"allow":["GET"]}}],"collection":[{"href":"https:\/\/stromlighting.com\/en\/wp-json\/wp\/v2\/product"}],"about":[{"href":"https:\/\/stromlighting.com\/en\/wp-json\/wp\/v2\/types\/product"}],"replies":[{"embeddable":true,"href":"https:\/\/stromlighting.com\/en\/wp-json\/wp\/v2\/comments?post=1358"}],"wp:featuredmedia":[{"embeddable":true,"href":"https:\/\/stromlighting.com\/en\/wp-json\/wp\/v2\/media\/604"}],"wp:attachment":[{"href":"https:\/\/stromlighting.com\/en\/wp-json\/wp\/v2\/media?parent=1358"}],"wp:term":[{"taxonomy":"product_brand","embeddable":true,"href":"https:\/\/stromlighting.com\/en\/wp-json\/wp\/v2\/product_brand?post=1358"},{"taxonomy":"product_cat","embeddable":true,"href":"https:\/\/stromlighting.com\/en\/wp-json\/wp\/v2\/product_cat?post=1358"},{"taxonomy":"product_tag","embeddable":true,"href":"https:\/\/stromlighting.com\/en\/wp-json\/wp\/v2\/product_tag?post=1358"}],"curies":[{"name":"wp","href":"https:\/\/api.w.org\/{rel}","templated":true}]}}