{"id":1359,"date":"2024-08-22T23:10:08","date_gmt":"2024-08-22T23:10:08","guid":{"rendered":"https:\/\/stromlighting.com\/d5\/"},"modified":"2024-09-08T22:20:39","modified_gmt":"2024-09-08T22:20:39","slug":"d5","status":"publish","type":"product","link":"https:\/\/stromlighting.com\/en\/d5\/","title":{"rendered":"D5"},"content":{"rendered":"<p>Kompakt boyut ve y\u00fcksek verimlilik ile g\u00fcn \u0131\u015f\u0131\u011f\u0131 \u00f6zelliklerini kullanan hafif bir Fresnel spot \u0131\u015f\u0131\u011f\u0131na ihtiya\u00e7 duyuldu\u011funda, ARRI True Blue D Serisi Fresneller tercih edilen se\u00e7imdir. ARRI&#8217;nin korozyona dayan\u0131kl\u0131 al\u00fcminyum ekstr\u00fczyonlar ve hafif kal\u0131p d\u00f6k\u00fcmler kullanan zarif mod\u00fcler yap\u0131s\u0131, m\u00fckemmel yap\u0131sal g\u00fc\u00e7 ve hava ko\u015fullar\u0131na dayan\u0131kl\u0131l\u0131k sunar. ARRI titre\u015fimsiz Elektronik Balastlar ile birlikte, sa\u011flam True Blue D Serisi her t\u00fcrl\u00fc mekan ayd\u0131nlatmas\u0131 i\u00e7in idealdir.<\/p>\n","protected":false},"excerpt":{"rendered":"<p>Kompakt boyut ve y\u00fcksek verimlilik ile g\u00fcn \u0131\u015f\u0131\u011f\u0131 \u00f6zelliklerini kullanan hafif bir Fresnel spot \u0131\u015f\u0131\u011f\u0131na ihtiya\u00e7 duyuldu\u011funda, ARRI True Blue D Serisi Fresneller tercih edilen se\u00e7imdir.<span class=\"excerpt-hellip\"> [\u2026]<\/span><\/p>\n","protected":false},"featured_media":518,"comment_status":"open","ping_status":"closed","template":"","meta":[],"product_brand":[],"product_cat":[75,77,90],"product_tag":[],"class_list":{"0":"post-1359","1":"product","2":"type-product","3":"status-publish","4":"has-post-thumbnail","6":"product_cat-arri-en","7":"product_cat-arri-daylight-en","8":"product_cat-tum-urunler-en","10":"first","11":"instock","12":"shipping-taxable","13":"product-type-simple"},"_links":{"self":[{"href":"https:\/\/stromlighting.com\/en\/wp-json\/wp\/v2\/product\/1359","targetHints":{"allow":["GET"]}}],"collection":[{"href":"https:\/\/stromlighting.com\/en\/wp-json\/wp\/v2\/product"}],"about":[{"href":"https:\/\/stromlighting.com\/en\/wp-json\/wp\/v2\/types\/product"}],"replies":[{"embeddable":true,"href":"https:\/\/stromlighting.com\/en\/wp-json\/wp\/v2\/comments?post=1359"}],"wp:featuredmedia":[{"embeddable":true,"href":"https:\/\/stromlighting.com\/en\/wp-json\/wp\/v2\/media\/518"}],"wp:attachment":[{"href":"https:\/\/stromlighting.com\/en\/wp-json\/wp\/v2\/media?parent=1359"}],"wp:term":[{"taxonomy":"product_brand","embeddable":true,"href":"https:\/\/stromlighting.com\/en\/wp-json\/wp\/v2\/product_brand?post=1359"},{"taxonomy":"product_cat","embeddable":true,"href":"https:\/\/stromlighting.com\/en\/wp-json\/wp\/v2\/product_cat?post=1359"},{"taxonomy":"product_tag","embeddable":true,"href":"https:\/\/stromlighting.com\/en\/wp-json\/wp\/v2\/product_tag?post=1359"}],"curies":[{"name":"wp","href":"https:\/\/api.w.org\/{rel}","templated":true}]}}