{"id":1364,"date":"2024-08-22T23:13:21","date_gmt":"2024-08-22T23:13:21","guid":{"rendered":"https:\/\/stromlighting.com\/arrisun\/"},"modified":"2024-09-08T22:21:52","modified_gmt":"2024-09-08T22:21:52","slug":"arrisun","status":"publish","type":"product","link":"https:\/\/stromlighting.com\/en\/arrisun\/","title":{"rendered":"ARRISUN"},"content":{"rendered":"<p>Akademi \u00d6d\u00fcll\u00fc reflekt\u00f6r tasar\u0131m\u0131na sahip M-Serisi piyasaya s\u00fcr\u00fclmeden \u00f6nce ARRISUN Daylight lamba kafalar\u0131 konum ayd\u0131nlatmas\u0131n\u0131n beygirleri olmu\u015f ve o zamanlar film ve televizyon ayd\u0131nlatmas\u0131nda d\u00fcnya standard\u0131n\u0131 belirlemi\u015fti. ARRISUN \u00fcr\u00fcn yelpazesi ARRISUN 2, ARRISUN 5, AS 18, AS 40\/25&#8217;in yan\u0131 s\u0131ra ARRISUN 60 ve ARRISUN 120&#8217;yi i\u00e7eriyor. 2017&#8217;de ARRISUN serisinin \u00fcretimi durdurulmu\u015f ve bu nedenle art\u0131k \u00fcretilmiyor olsa da lamba kafalar\u0131 ayd\u0131nlatma i\u00e7in hala kullan\u0131l\u0131yor. \u00d6zellikle sette vuru\u015f veya s\u0131\u00e7rama gerekti\u011finde, selefi ARRI M-Serisi ile birlikte bulunabilirler. M-Serisi, fasetli reflekt\u00f6r tasar\u0131m\u0131 nedeniyle bir\u00e7ok avantaja sahipken, ARRISUN lamba kafalar\u0131 her durumda maksimum \u0131\u015f\u0131n kontrol\u00fc sa\u011flamak i\u00e7in geni\u015f bir yay\u0131lma lensi yelpazesi kullan\u0131r. ARRI, M-Serisini geli\u015ftirirken g\u00fcvenilir, kompakt ve g\u00fc\u00e7l\u00fc bir selef olu\u015fturmak i\u00e7in ARRISUN lamba kafalar\u0131n\u0131n avantajlar\u0131n\u0131 kulland\u0131. Bu nedenle, armat\u00fcr\u00fcn par\u00e7alar\u0131n\u0131 \u00e7al\u0131\u015fma s\u0131n\u0131rlar\u0131 i\u00e7inde tutmak i\u00e7in neredeyse her e\u011fim a\u00e7\u0131s\u0131nda hava ak\u0131\u015f\u0131n\u0131 koruyan patentli True Blue Cross so\u011futma sistemi, bak\u0131m i\u00e7in kolay eri\u015fim ve elektronik bile\u015fenlerin \u00f6mr\u00fcn\u00fc uzatmak i\u00e7in elektronik muhafazan\u0131n ger\u00e7ek lamba muhafazas\u0131ndan ayr\u0131lmas\u0131 ARRISUN serisinden yeniden kullan\u0131lm\u0131\u015ft\u0131r.<\/p>\n","protected":false},"excerpt":{"rendered":"<p>Akademi \u00d6d\u00fcll\u00fc reflekt\u00f6r tasar\u0131m\u0131na sahip M-Serisi piyasaya s\u00fcr\u00fclmeden \u00f6nce ARRISUN Daylight lamba kafalar\u0131 konum ayd\u0131nlatmas\u0131n\u0131n beygirleri olmu\u015f ve o zamanlar film ve televizyon ayd\u0131nlatmas\u0131nda d\u00fcnya standard\u0131n\u0131<span class=\"excerpt-hellip\"> [\u2026]<\/span><\/p>\n","protected":false},"featured_media":598,"comment_status":"open","ping_status":"closed","template":"","meta":[],"product_brand":[],"product_cat":[75,77,90],"product_tag":[],"class_list":{"0":"post-1364","1":"product","2":"type-product","3":"status-publish","4":"has-post-thumbnail","6":"product_cat-arri-en","7":"product_cat-arri-daylight-en","8":"product_cat-tum-urunler-en","10":"first","11":"instock","12":"shipping-taxable","13":"product-type-simple"},"_links":{"self":[{"href":"https:\/\/stromlighting.com\/en\/wp-json\/wp\/v2\/product\/1364","targetHints":{"allow":["GET"]}}],"collection":[{"href":"https:\/\/stromlighting.com\/en\/wp-json\/wp\/v2\/product"}],"about":[{"href":"https:\/\/stromlighting.com\/en\/wp-json\/wp\/v2\/types\/product"}],"replies":[{"embeddable":true,"href":"https:\/\/stromlighting.com\/en\/wp-json\/wp\/v2\/comments?post=1364"}],"wp:featuredmedia":[{"embeddable":true,"href":"https:\/\/stromlighting.com\/en\/wp-json\/wp\/v2\/media\/598"}],"wp:attachment":[{"href":"https:\/\/stromlighting.com\/en\/wp-json\/wp\/v2\/media?parent=1364"}],"wp:term":[{"taxonomy":"product_brand","embeddable":true,"href":"https:\/\/stromlighting.com\/en\/wp-json\/wp\/v2\/product_brand?post=1364"},{"taxonomy":"product_cat","embeddable":true,"href":"https:\/\/stromlighting.com\/en\/wp-json\/wp\/v2\/product_cat?post=1364"},{"taxonomy":"product_tag","embeddable":true,"href":"https:\/\/stromlighting.com\/en\/wp-json\/wp\/v2\/product_tag?post=1364"}],"curies":[{"name":"wp","href":"https:\/\/api.w.org\/{rel}","templated":true}]}}