{"id":1365,"date":"2024-08-22T23:13:55","date_gmt":"2024-08-22T23:13:55","guid":{"rendered":"https:\/\/stromlighting.com\/arrisun-event\/"},"modified":"2024-09-08T22:22:00","modified_gmt":"2024-09-08T22:22:00","slug":"arrisun-event","status":"publish","type":"product","link":"https:\/\/stromlighting.com\/en\/arrisun-event\/","title":{"rendered":"ARRISUN Event"},"content":{"rendered":"<p>ARRISUN Event \u00fcr\u00fcn yelpazesi, ARRISUN 5 Event&#8217;in yan\u0131 s\u0131ra ARRISUN 18 Event&#8217;i de i\u00e7eriyordu. ARRISUN Event portf\u00f6y\u00fc, otomobil fuarlar\u0131n\u0131n yan\u0131 s\u0131ra k\u0131rm\u0131z\u0131 hal\u0131 etkinlikleri, spor, moda ve \u00fcst\u00fcn \u0131\u015f\u0131k kalitesinin gerekli oldu\u011fu prestijli etkinliklerde bir dizi \u00e7ok ba\u015far\u0131l\u0131 y\u0131la dayan\u0131yor. ARRISUN Event serisi 2022&#8217;de durdurulmu\u015f olsa da, baz\u0131 lamba kafalar\u0131 hala ayd\u0131nlatma i\u00e7in kullan\u0131lmaktad\u0131r.<\/p>\n<p>ARRISUN Event lamba ba\u015fl\u0131klar\u0131n\u0131n temel unsurlar\u0131, faset cam reflekt\u00f6r\u00fcn yan\u0131 s\u0131ra \u00f6zel Event balastlar\u0131 ve \u00e7ok \u00e7ekirdekli kablo y\u00f6netimi ekosistemidir. Faset cam reflekt\u00f6r, al\u00fcminyum reflekt\u00f6re g\u00f6re yakla\u015f\u0131k %8 daha fazla \u0131\u015f\u0131k \u00e7\u0131k\u0131\u015f\u0131 ile \u00fcst\u00fcn kaliteli \u0131\u015f\u0131\u011f\u0131n e\u015fit bir \u015fekilde yay\u0131lmas\u0131n\u0131 sa\u011flar. Dikroik kaplama m\u00fckemmel renksel geriverim sa\u011flar ve lamba kafas\u0131n\u0131n \u00f6n\u00fcnden \u0131s\u0131 emisyonunu azalt\u0131r. Ak\u0131ll\u0131 uzaktan kumandal\u0131 19&#8243; elektronik balast \u00fcniteleri kolayca de\u011fi\u015ftirilebilen \u00fc\u00e7 mod\u00fclden olu\u015fur ve manuel olarak veya DMX uzaktan kumanda ile \u00e7al\u0131\u015ft\u0131r\u0131labilir. Her kanal ayr\u0131 ayr\u0131 de\u011fi\u015ftirilebilir veya %50&#8217;ye kadar k\u0131s\u0131labilir ve \u00f6n panel g\u00f6stergeleri hem lamba kafas\u0131n\u0131n hem de balast\u0131n durumunu g\u00f6sterir. \u00c7ok \u00e7ekirdekli kablo y\u00f6netimi ve g\u00fc\u00e7 da\u011f\u0131t\u0131m\u0131, kablolamay\u0131 basitle\u015ftirir ve te\u00e7hizat \u00fczerindeki a\u011f\u0131rl\u0131\u011f\u0131 azalt\u0131r.<\/p>\n","protected":false},"excerpt":{"rendered":"<p>ARRISUN Event \u00fcr\u00fcn yelpazesi, ARRISUN 5 Event&#8217;in yan\u0131 s\u0131ra ARRISUN 18 Event&#8217;i de i\u00e7eriyordu. ARRISUN Event portf\u00f6y\u00fc, otomobil fuarlar\u0131n\u0131n yan\u0131 s\u0131ra k\u0131rm\u0131z\u0131 hal\u0131 etkinlikleri, spor, moda<span class=\"excerpt-hellip\"> [\u2026]<\/span><\/p>\n","protected":false},"featured_media":510,"comment_status":"open","ping_status":"closed","template":"","meta":[],"product_brand":[],"product_cat":[75,77,90],"product_tag":[],"class_list":{"0":"post-1365","1":"product","2":"type-product","3":"status-publish","4":"has-post-thumbnail","6":"product_cat-arri-en","7":"product_cat-arri-daylight-en","8":"product_cat-tum-urunler-en","10":"first","11":"instock","12":"shipping-taxable","13":"product-type-simple"},"_links":{"self":[{"href":"https:\/\/stromlighting.com\/en\/wp-json\/wp\/v2\/product\/1365","targetHints":{"allow":["GET"]}}],"collection":[{"href":"https:\/\/stromlighting.com\/en\/wp-json\/wp\/v2\/product"}],"about":[{"href":"https:\/\/stromlighting.com\/en\/wp-json\/wp\/v2\/types\/product"}],"replies":[{"embeddable":true,"href":"https:\/\/stromlighting.com\/en\/wp-json\/wp\/v2\/comments?post=1365"}],"wp:featuredmedia":[{"embeddable":true,"href":"https:\/\/stromlighting.com\/en\/wp-json\/wp\/v2\/media\/510"}],"wp:attachment":[{"href":"https:\/\/stromlighting.com\/en\/wp-json\/wp\/v2\/media?parent=1365"}],"wp:term":[{"taxonomy":"product_brand","embeddable":true,"href":"https:\/\/stromlighting.com\/en\/wp-json\/wp\/v2\/product_brand?post=1365"},{"taxonomy":"product_cat","embeddable":true,"href":"https:\/\/stromlighting.com\/en\/wp-json\/wp\/v2\/product_cat?post=1365"},{"taxonomy":"product_tag","embeddable":true,"href":"https:\/\/stromlighting.com\/en\/wp-json\/wp\/v2\/product_tag?post=1365"}],"curies":[{"name":"wp","href":"https:\/\/api.w.org\/{rel}","templated":true}]}}