{"id":1366,"date":"2024-08-22T23:14:39","date_gmt":"2024-08-22T23:14:39","guid":{"rendered":"https:\/\/stromlighting.com\/compact-2500-theater\/"},"modified":"2024-09-08T22:22:08","modified_gmt":"2024-09-08T22:22:08","slug":"compact-2500-theater","status":"publish","type":"product","link":"https:\/\/stromlighting.com\/en\/compact-2500-theater\/","title":{"rendered":"Compact 2500 Theater"},"content":{"rendered":"<p>G\u00fcn \u0131\u015f\u0131\u011f\u0131 \u00f6zelliklerini d\u00f6k\u00fclen \u0131\u015f\u0131k eksikli\u011fi ve y\u00fcksek s\u0131cakl\u0131klara kar\u015f\u0131 b\u00fcy\u00fck toleransla birle\u015ftiren hafif Fresnel spotlar\u0131n gerekli oldu\u011fu durumlarda ARRI Kompakt G\u00fcn I\u015f\u0131\u011f\u0131 Tiyatro Fresnelleri tercih edilen se\u00e7imdir. ARRI&#8217;nin korozyona dayan\u0131kl\u0131 al\u00fcminyum ekstr\u00fczyonlar ve hafif kal\u0131p d\u00f6k\u00fcmler kullanan zarif mod\u00fcler yap\u0131s\u0131, kompakt ve verimli bir \u00fcnitede b\u00fcy\u00fck yap\u0131sal g\u00fc\u00e7 sunar. ARRI titre\u015fimsiz Elektronik Balastlar ile birlikte Kompakt G\u00fcn I\u015f\u0131\u011f\u0131 Tiyatrosu serisi, tiyatro ayd\u0131nlatmas\u0131n\u0131n zorlu d\u00fcnyas\u0131 i\u00e7in m\u00fckemmeldir.<\/p>\n","protected":false},"excerpt":{"rendered":"<p>G\u00fcn \u0131\u015f\u0131\u011f\u0131 \u00f6zelliklerini d\u00f6k\u00fclen \u0131\u015f\u0131k eksikli\u011fi ve y\u00fcksek s\u0131cakl\u0131klara kar\u015f\u0131 b\u00fcy\u00fck toleransla birle\u015ftiren hafif Fresnel spotlar\u0131n gerekli oldu\u011fu durumlarda ARRI Kompakt G\u00fcn I\u015f\u0131\u011f\u0131 Tiyatro Fresnelleri tercih<span class=\"excerpt-hellip\"> [\u2026]<\/span><\/p>\n","protected":false},"featured_media":514,"comment_status":"open","ping_status":"closed","template":"","meta":[],"product_brand":[],"product_cat":[75,77,90],"product_tag":[],"class_list":{"0":"post-1366","1":"product","2":"type-product","3":"status-publish","4":"has-post-thumbnail","6":"product_cat-arri-en","7":"product_cat-arri-daylight-en","8":"product_cat-tum-urunler-en","10":"first","11":"instock","12":"shipping-taxable","13":"product-type-simple"},"_links":{"self":[{"href":"https:\/\/stromlighting.com\/en\/wp-json\/wp\/v2\/product\/1366","targetHints":{"allow":["GET"]}}],"collection":[{"href":"https:\/\/stromlighting.com\/en\/wp-json\/wp\/v2\/product"}],"about":[{"href":"https:\/\/stromlighting.com\/en\/wp-json\/wp\/v2\/types\/product"}],"replies":[{"embeddable":true,"href":"https:\/\/stromlighting.com\/en\/wp-json\/wp\/v2\/comments?post=1366"}],"wp:featuredmedia":[{"embeddable":true,"href":"https:\/\/stromlighting.com\/en\/wp-json\/wp\/v2\/media\/514"}],"wp:attachment":[{"href":"https:\/\/stromlighting.com\/en\/wp-json\/wp\/v2\/media?parent=1366"}],"wp:term":[{"taxonomy":"product_brand","embeddable":true,"href":"https:\/\/stromlighting.com\/en\/wp-json\/wp\/v2\/product_brand?post=1366"},{"taxonomy":"product_cat","embeddable":true,"href":"https:\/\/stromlighting.com\/en\/wp-json\/wp\/v2\/product_cat?post=1366"},{"taxonomy":"product_tag","embeddable":true,"href":"https:\/\/stromlighting.com\/en\/wp-json\/wp\/v2\/product_tag?post=1366"}],"curies":[{"name":"wp","href":"https:\/\/api.w.org\/{rel}","templated":true}]}}