{"id":1368,"date":"2024-08-22T23:16:02","date_gmt":"2024-08-22T23:16:02","guid":{"rendered":"https:\/\/stromlighting.com\/arri-compact\/"},"modified":"2024-09-08T22:22:28","modified_gmt":"2024-09-08T22:22:28","slug":"arri-compact","status":"publish","type":"product","link":"https:\/\/stromlighting.com\/en\/arri-compact\/","title":{"rendered":"ARRI Compact"},"content":{"rendered":"<p>Y\u00fcksek verimlilik ve e\u015fit \u0131\u015f\u0131k da\u011f\u0131l\u0131m\u0131 her zaman ARRI&#8217;nin en y\u00fcksek hedefi olmu\u015ftur.Kompakt boyut ve y\u00fcksek verimlili\u011fe sahip g\u00fcn \u0131\u015f\u0131\u011f\u0131 \u00f6zelliklerini kullanan hafif bir fresnel spot \u0131\u015f\u0131\u011f\u0131na ihtiya\u00e7 duyuldu\u011funda, True Blue D Serisi ve \u00fcretimi durdurulan Compact serisi gibi ARRI&#8217;nin fresnel lamba kafalar\u0131 tercih edilmektedir. Geni\u015f a\u00e7\u0131l\u0131, son derece kontrol edilebilir ve e\u015fit bir \u0131\u015f\u0131k alan\u0131 sa\u011flayan k\u0131sa odak uzakl\u0131\u011f\u0131na sahip lensler kullanan bu lamba kafalar\u0131, her t\u00fcrl\u00fc konum ayd\u0131nlatmas\u0131 i\u00e7in idealdir. 2017 y\u0131l\u0131nda ARRI, Compact 200, Compact 6000 Plus ve Compact 12000 Baby&#8217;yi \u00fcretimden kald\u0131rd\u0131. ARRI, True Blue D Serisini geli\u015ftirirken g\u00fcvenilir, kompakt ve g\u00fc\u00e7l\u00fc bir \u00fcr\u00fcn serisi olu\u015fturmak i\u00e7in Compact lamba kafalar\u0131n\u0131n avantajlar\u0131n\u0131 kulland\u0131. Bu nedenle, armat\u00fcr\u00fcn par\u00e7alar\u0131n\u0131 \u00e7al\u0131\u015fma s\u0131n\u0131rlar\u0131 i\u00e7inde tutmak i\u00e7in neredeyse her e\u011fim a\u00e7\u0131s\u0131nda hava ak\u0131\u015f\u0131n\u0131 koruyan patentli True Blue Cross so\u011futma sistemi, bak\u0131m i\u00e7in kolay eri\u015fim ve elektronik bile\u015fenlerin \u00f6mr\u00fcn\u00fc uzatmak i\u00e7in elektronik muhafazan\u0131n ger\u00e7ek lamba muhafazas\u0131ndan ayr\u0131lmas\u0131 hala D Serisi \u00fcr\u00fcnlerde bulunabilir.<\/p>\n","protected":false},"excerpt":{"rendered":"<p>Y\u00fcksek verimlilik ve e\u015fit \u0131\u015f\u0131k da\u011f\u0131l\u0131m\u0131 her zaman ARRI&#8217;nin en y\u00fcksek hedefi olmu\u015ftur.Kompakt boyut ve y\u00fcksek verimlili\u011fe sahip g\u00fcn \u0131\u015f\u0131\u011f\u0131 \u00f6zelliklerini kullanan hafif bir fresnel spot<span class=\"excerpt-hellip\"> [\u2026]<\/span><\/p>\n","protected":false},"featured_media":498,"comment_status":"open","ping_status":"closed","template":"","meta":[],"product_brand":[],"product_cat":[75,77,90],"product_tag":[],"class_list":{"0":"post-1368","1":"product","2":"type-product","3":"status-publish","4":"has-post-thumbnail","6":"product_cat-arri-en","7":"product_cat-arri-daylight-en","8":"product_cat-tum-urunler-en","10":"first","11":"instock","12":"shipping-taxable","13":"product-type-simple"},"_links":{"self":[{"href":"https:\/\/stromlighting.com\/en\/wp-json\/wp\/v2\/product\/1368","targetHints":{"allow":["GET"]}}],"collection":[{"href":"https:\/\/stromlighting.com\/en\/wp-json\/wp\/v2\/product"}],"about":[{"href":"https:\/\/stromlighting.com\/en\/wp-json\/wp\/v2\/types\/product"}],"replies":[{"embeddable":true,"href":"https:\/\/stromlighting.com\/en\/wp-json\/wp\/v2\/comments?post=1368"}],"wp:featuredmedia":[{"embeddable":true,"href":"https:\/\/stromlighting.com\/en\/wp-json\/wp\/v2\/media\/498"}],"wp:attachment":[{"href":"https:\/\/stromlighting.com\/en\/wp-json\/wp\/v2\/media?parent=1368"}],"wp:term":[{"taxonomy":"product_brand","embeddable":true,"href":"https:\/\/stromlighting.com\/en\/wp-json\/wp\/v2\/product_brand?post=1368"},{"taxonomy":"product_cat","embeddable":true,"href":"https:\/\/stromlighting.com\/en\/wp-json\/wp\/v2\/product_cat?post=1368"},{"taxonomy":"product_tag","embeddable":true,"href":"https:\/\/stromlighting.com\/en\/wp-json\/wp\/v2\/product_tag?post=1368"}],"curies":[{"name":"wp","href":"https:\/\/api.w.org\/{rel}","templated":true}]}}