{"id":1369,"date":"2024-08-22T23:16:28","date_gmt":"2024-08-22T23:16:28","guid":{"rendered":"https:\/\/stromlighting.com\/arrilux\/"},"modified":"2024-09-08T22:22:38","modified_gmt":"2024-09-08T22:22:38","slug":"arrilux","status":"publish","type":"product","link":"https:\/\/stromlighting.com\/en\/arrilux\/","title":{"rendered":"ARRILUX"},"content":{"rendered":"<p>2017 y\u0131l\u0131nda ARRILUX POCKETPAR lamba kafalar\u0131n\u0131n \u00fcretimi durdurulmu\u015ftur. Sa\u011flam tasar\u0131m\u0131 ve g\u00fcvenilirli\u011fi nedeniyle ARRILUX POCKETPAR lamba kafalar\u0131 piyasada hala kullan\u0131lmaktad\u0131r. ARRILUX POCKETPAR 125, ARRILUX POCKETPAR 200 ve ARRILUX POCKETPAR 400 \u00f6zellikle alan\u0131n s\u0131n\u0131rl\u0131 oldu\u011fu yak\u0131n \u00e7ekimler ve ayd\u0131nlatma kurulumlar\u0131 i\u00e7in ve ta\u015f\u0131nabilirli\u011fin \u00f6nemli oldu\u011fu her t\u00fcrl\u00fc prod\u00fcksiyon i\u00e7in kullan\u0131l\u0131r.<\/p>\n<p>Yans\u0131mas\u0131yla \u0131\u015f\u0131k \u00e7\u0131k\u0131\u015f\u0131n\u0131 en \u00fcst d\u00fczeye \u00e7\u0131kar\u0131rken \u0131s\u0131 da\u011f\u0131l\u0131m\u0131n\u0131 en aza indiren \u00f6zel tasar\u0131m dikroik, cam y\u00fczl\u00fc reflekt\u00f6re sahiptirler. ARRILUX POCKETPAR lamba kafalar\u0131 genellikle maksimum \u0131\u015f\u0131n kontrol\u00fc sa\u011flamak i\u00e7in e\u015fle\u015fen yayma lensleriyle ve \u00e7e\u015fitli ayd\u0131nlatma tasar\u0131m\u0131 uygulamalar\u0131 i\u00e7in \u00e7ok \u00e7e\u015fitli aksesuarlarla birlikte sat\u0131n al\u0131n\u0131r ve kullan\u0131l\u0131r.<\/p>\n","protected":false},"excerpt":{"rendered":"<p>2017 y\u0131l\u0131nda ARRILUX POCKETPAR lamba kafalar\u0131n\u0131n \u00fcretimi durdurulmu\u015ftur. Sa\u011flam tasar\u0131m\u0131 ve g\u00fcvenilirli\u011fi nedeniyle ARRILUX POCKETPAR lamba kafalar\u0131 piyasada hala kullan\u0131lmaktad\u0131r. ARRILUX POCKETPAR 125, ARRILUX POCKETPAR 200<span class=\"excerpt-hellip\"> [\u2026]<\/span><\/p>\n","protected":false},"featured_media":508,"comment_status":"open","ping_status":"closed","template":"","meta":[],"product_brand":[],"product_cat":[75,77,90],"product_tag":[],"class_list":{"0":"post-1369","1":"product","2":"type-product","3":"status-publish","4":"has-post-thumbnail","6":"product_cat-arri-en","7":"product_cat-arri-daylight-en","8":"product_cat-tum-urunler-en","10":"first","11":"instock","12":"shipping-taxable","13":"product-type-simple"},"_links":{"self":[{"href":"https:\/\/stromlighting.com\/en\/wp-json\/wp\/v2\/product\/1369","targetHints":{"allow":["GET"]}}],"collection":[{"href":"https:\/\/stromlighting.com\/en\/wp-json\/wp\/v2\/product"}],"about":[{"href":"https:\/\/stromlighting.com\/en\/wp-json\/wp\/v2\/types\/product"}],"replies":[{"embeddable":true,"href":"https:\/\/stromlighting.com\/en\/wp-json\/wp\/v2\/comments?post=1369"}],"wp:featuredmedia":[{"embeddable":true,"href":"https:\/\/stromlighting.com\/en\/wp-json\/wp\/v2\/media\/508"}],"wp:attachment":[{"href":"https:\/\/stromlighting.com\/en\/wp-json\/wp\/v2\/media?parent=1369"}],"wp:term":[{"taxonomy":"product_brand","embeddable":true,"href":"https:\/\/stromlighting.com\/en\/wp-json\/wp\/v2\/product_brand?post=1369"},{"taxonomy":"product_cat","embeddable":true,"href":"https:\/\/stromlighting.com\/en\/wp-json\/wp\/v2\/product_cat?post=1369"},{"taxonomy":"product_tag","embeddable":true,"href":"https:\/\/stromlighting.com\/en\/wp-json\/wp\/v2\/product_tag?post=1369"}],"curies":[{"name":"wp","href":"https:\/\/api.w.org\/{rel}","templated":true}]}}