{"id":1370,"date":"2024-08-22T23:17:10","date_gmt":"2024-08-22T23:17:10","guid":{"rendered":"https:\/\/stromlighting.com\/arri-x-arri-x-theater\/"},"modified":"2024-09-08T22:23:29","modified_gmt":"2024-09-08T22:23:29","slug":"arri-x-arri-x-theater","status":"publish","type":"product","link":"https:\/\/stromlighting.com\/en\/arri-x-arri-x-theater\/","title":{"rendered":"ARRI X \/ ARRI X Theater"},"content":{"rendered":"<p>Sa\u011flam tasar\u0131m\u0131 ve g\u00fcvenilirli\u011fi nedeniyle ARRI X ve ARRI X Theater Serisinin lamba kafalar\u0131 piyasada hala kullan\u0131lmaktad\u0131r. ARRI X \u00fcr\u00fcn yelpazesi ARRI X5, ARRI X12, ARRI X40\/25&#8217;in yan\u0131 s\u0131ra ARRI X60 ve ARRI X 40\/25 Theater&#8217;\u0131 i\u00e7erir.<\/p>\n","protected":false},"excerpt":{"rendered":"<p>Sa\u011flam tasar\u0131m\u0131 ve g\u00fcvenilirli\u011fi nedeniyle ARRI X ve ARRI X Theater Serisinin lamba kafalar\u0131 piyasada hala kullan\u0131lmaktad\u0131r. ARRI X \u00fcr\u00fcn yelpazesi ARRI X5, ARRI X12, ARRI<span class=\"excerpt-hellip\"> [\u2026]<\/span><\/p>\n","protected":false},"featured_media":496,"comment_status":"open","ping_status":"closed","template":"","meta":[],"product_brand":[],"product_cat":[75,77,90],"product_tag":[],"class_list":{"0":"post-1370","1":"product","2":"type-product","3":"status-publish","4":"has-post-thumbnail","6":"product_cat-arri-en","7":"product_cat-arri-daylight-en","8":"product_cat-tum-urunler-en","10":"first","11":"instock","12":"shipping-taxable","13":"product-type-simple"},"_links":{"self":[{"href":"https:\/\/stromlighting.com\/en\/wp-json\/wp\/v2\/product\/1370","targetHints":{"allow":["GET"]}}],"collection":[{"href":"https:\/\/stromlighting.com\/en\/wp-json\/wp\/v2\/product"}],"about":[{"href":"https:\/\/stromlighting.com\/en\/wp-json\/wp\/v2\/types\/product"}],"replies":[{"embeddable":true,"href":"https:\/\/stromlighting.com\/en\/wp-json\/wp\/v2\/comments?post=1370"}],"wp:featuredmedia":[{"embeddable":true,"href":"https:\/\/stromlighting.com\/en\/wp-json\/wp\/v2\/media\/496"}],"wp:attachment":[{"href":"https:\/\/stromlighting.com\/en\/wp-json\/wp\/v2\/media?parent=1370"}],"wp:term":[{"taxonomy":"product_brand","embeddable":true,"href":"https:\/\/stromlighting.com\/en\/wp-json\/wp\/v2\/product_brand?post=1370"},{"taxonomy":"product_cat","embeddable":true,"href":"https:\/\/stromlighting.com\/en\/wp-json\/wp\/v2\/product_cat?post=1370"},{"taxonomy":"product_tag","embeddable":true,"href":"https:\/\/stromlighting.com\/en\/wp-json\/wp\/v2\/product_tag?post=1370"}],"curies":[{"name":"wp","href":"https:\/\/api.w.org\/{rel}","templated":true}]}}