{"id":1371,"date":"2024-08-22T23:22:23","date_gmt":"2024-08-22T23:22:23","guid":{"rendered":"https:\/\/stromlighting.com\/arrilite-750-plus\/"},"modified":"2024-09-08T22:23:39","modified_gmt":"2024-09-08T22:23:39","slug":"arrilite-750-plus","status":"publish","type":"product","link":"https:\/\/stromlighting.com\/en\/arrilite-750-plus\/","title":{"rendered":"ARRILITE 750 Plus"},"content":{"rendered":"<p>ARRILITE 750 Plus, ARRI&#8217;nin geleneksel, a\u00e7\u0131k y\u00fczl\u00fc \u0131\u015f\u0131\u011f\u0131 ARRILITE 800\/1000&#8217;in yeni ve geli\u015ftirilmi\u015f bir enkarnasyonudur. ARRIMAX reflekt\u00f6r\u00fcn\u00fc HPL* 750 W lamba ile kullan\u0131m i\u00e7in optimize eden ARRILITE 750 Plus, \u00f6nceki ARRILITE 800 W&#8217;a g\u00f6re %21 daha y\u00fcksek \u0131\u015f\u0131k verimlili\u011fi sunarken ARRIMAX optik sistemi \u0131\u015f\u0131\u011f\u0131n da\u011f\u0131l\u0131m\u0131n\u0131 iyile\u015ftiriyor. S\u00f6k\u00fclebilir ve tamamen d\u00f6nd\u00fcr\u00fclebilir aksesuar tutucu, scrim ve barndoor&#8217;lar\u0131 bar\u0131nd\u0131r\u0131r ve Chimera Video Pro Plus S&#8217;nin ek bir h\u0131z halkas\u0131 olmadan do\u011frudan tak\u0131lmas\u0131na izin veren ba\u011flant\u0131 par\u00e7alar\u0131 i\u00e7erir. Tek kollu \u00fczengi, \u00e7ok say\u0131da kayd\u0131rma ve e\u011fme se\u00e7ene\u011fine izin verir ve lamba kafas\u0131n\u0131n arkas\u0131ndaki \u0131s\u0131ya dayan\u0131kl\u0131 bir tutamak kolay manevra sa\u011flar. G\u00f6vde, bayonet kapak kilitleriyle a\u00e7\u0131l\u0131p kapanan iki s\u00f6k\u00fclebilir par\u00e7adan olu\u015ftu\u011fu i\u00e7in ampulleri de\u011fi\u015ftirmek i\u00e7in herhangi bir alet gerekmez. ARRILITE 750 Plus&#8217;\u0131n daha k\u00fc\u00e7\u00fck ve hafif al\u00fcminyum g\u00f6vdesi, onu ayd\u0131nlatma kitleri i\u00e7in ideal bir lamba kafas\u0131 haline getirir ve bu nedenle elektronik haber toplama, saha \u00fcretimi ve h\u0131zl\u0131 geri d\u00f6n\u00fc\u015fl\u00fc konum kullan\u0131m\u0131 i\u00e7in de uygundur.*HPL lamba David Cunningham taraf\u0131ndan icat edilmi\u015f ve ondan lisans al\u0131nm\u0131\u015ft\u0131r<\/p>\n","protected":false},"excerpt":{"rendered":"<p>ARRILITE 750 Plus, ARRI&#8217;nin geleneksel, a\u00e7\u0131k y\u00fczl\u00fc \u0131\u015f\u0131\u011f\u0131 ARRILITE 800\/1000&#8217;in yeni ve geli\u015ftirilmi\u015f bir enkarnasyonudur. ARRIMAX reflekt\u00f6r\u00fcn\u00fc HPL* 750 W lamba ile kullan\u0131m i\u00e7in optimize eden<span class=\"excerpt-hellip\"> [\u2026]<\/span><\/p>\n","protected":false},"featured_media":504,"comment_status":"open","ping_status":"closed","template":"","meta":[],"product_brand":[],"product_cat":[75,90,79],"product_tag":[],"class_list":{"0":"post-1371","1":"product","2":"type-product","3":"status-publish","4":"has-post-thumbnail","6":"product_cat-arri-en","7":"product_cat-tum-urunler-en","8":"product_cat-arri-tungsten-en","10":"first","11":"instock","12":"shipping-taxable","13":"product-type-simple"},"_links":{"self":[{"href":"https:\/\/stromlighting.com\/en\/wp-json\/wp\/v2\/product\/1371","targetHints":{"allow":["GET"]}}],"collection":[{"href":"https:\/\/stromlighting.com\/en\/wp-json\/wp\/v2\/product"}],"about":[{"href":"https:\/\/stromlighting.com\/en\/wp-json\/wp\/v2\/types\/product"}],"replies":[{"embeddable":true,"href":"https:\/\/stromlighting.com\/en\/wp-json\/wp\/v2\/comments?post=1371"}],"wp:featuredmedia":[{"embeddable":true,"href":"https:\/\/stromlighting.com\/en\/wp-json\/wp\/v2\/media\/504"}],"wp:attachment":[{"href":"https:\/\/stromlighting.com\/en\/wp-json\/wp\/v2\/media?parent=1371"}],"wp:term":[{"taxonomy":"product_brand","embeddable":true,"href":"https:\/\/stromlighting.com\/en\/wp-json\/wp\/v2\/product_brand?post=1371"},{"taxonomy":"product_cat","embeddable":true,"href":"https:\/\/stromlighting.com\/en\/wp-json\/wp\/v2\/product_cat?post=1371"},{"taxonomy":"product_tag","embeddable":true,"href":"https:\/\/stromlighting.com\/en\/wp-json\/wp\/v2\/product_tag?post=1371"}],"curies":[{"name":"wp","href":"https:\/\/api.w.org\/{rel}","templated":true}]}}