{"id":1372,"date":"2024-08-22T23:22:44","date_gmt":"2024-08-22T23:22:44","guid":{"rendered":"https:\/\/stromlighting.com\/arrilite-2000-plus\/"},"modified":"2024-09-08T22:23:47","modified_gmt":"2024-09-08T22:23:47","slug":"arrilite-2000-plus","status":"publish","type":"product","link":"https:\/\/stromlighting.com\/en\/arrilite-2000-plus\/","title":{"rendered":"ARRILITE 2000 Plus"},"content":{"rendered":"<p>ARRILITE 2000&#8217;in s\u00fcregelen pop\u00fclaritesi, ARRI&#8217;nin ayd\u0131nlatma ekibine bu geleneksel, a\u00e7\u0131k y\u00fczl\u00fc lamba kafas\u0131n\u0131n tamamen yeniden tasarlanmas\u0131 ve g\u00fcncellenmesi i\u00e7in ilham verdi. Bir dizi yenilik\u00e7i \u00f6zelli\u011fi b\u00fcnyesinde bar\u0131nd\u0131ran yeni ARRILITE 2000 Plus, g\u00fcn\u00fcm\u00fcz film ve televizyon end\u00fcstrilerinin zorlu prod\u00fcksiyon taleplerini kar\u015f\u0131l\u0131yor. ARRIMAX reflekt\u00f6r ve optik sistem kullan\u0131larak \u0131\u015f\u0131k verimlili\u011fi art\u0131r\u0131lm\u0131\u015f ve \u0131\u015f\u0131k da\u011f\u0131l\u0131m\u0131 iyile\u015ftirilmi\u015ftir. Al\u00fcminyum g\u00f6vde daha kompaktt\u0131r ve \u00f6nceki modelden yakla\u015f\u0131k 400 g daha hafiftir, ARRI True Blue serisinden \u00f6d\u00fcn\u00e7 al\u0131nan disk fren teknolojisi ARRILITE 2000 Plus&#8217;\u0131 a\u011f\u0131r aksesuarlar tak\u0131l\u0131yken bile sabit tutar. Ampulleri de\u011fi\u015ftirmek i\u00e7in kap\u0131 ARRI M18&#8217;e benzer \u015fekilde a\u00e7\u0131l\u0131yor; vidalar\u0131n s\u00f6k\u00fclmesi gerekmiyor ve herhangi bir alete ihtiya\u00e7 duyulmuyor. ARRILITE 750 Plus gibi ARRILITE 2000 Plus da geli\u015ftirilmi\u015f bir odak mekanizmas\u0131na ve muhafazan\u0131n arkas\u0131nda kolay manevra sa\u011flayan \u0131s\u0131ya dayan\u0131kl\u0131 bir tutama\u011fa sahiptir.<\/p>\n","protected":false},"excerpt":{"rendered":"<p>ARRILITE 2000&#8217;in s\u00fcregelen pop\u00fclaritesi, ARRI&#8217;nin ayd\u0131nlatma ekibine bu geleneksel, a\u00e7\u0131k y\u00fczl\u00fc lamba kafas\u0131n\u0131n tamamen yeniden tasarlanmas\u0131 ve g\u00fcncellenmesi i\u00e7in ilham verdi. Bir dizi yenilik\u00e7i \u00f6zelli\u011fi b\u00fcnyesinde<span class=\"excerpt-hellip\"> [\u2026]<\/span><\/p>\n","protected":false},"featured_media":506,"comment_status":"open","ping_status":"closed","template":"","meta":[],"product_brand":[],"product_cat":[75,90,79],"product_tag":[],"class_list":{"0":"post-1372","1":"product","2":"type-product","3":"status-publish","4":"has-post-thumbnail","6":"product_cat-arri-en","7":"product_cat-tum-urunler-en","8":"product_cat-arri-tungsten-en","10":"first","11":"instock","12":"shipping-taxable","13":"product-type-simple"},"_links":{"self":[{"href":"https:\/\/stromlighting.com\/en\/wp-json\/wp\/v2\/product\/1372","targetHints":{"allow":["GET"]}}],"collection":[{"href":"https:\/\/stromlighting.com\/en\/wp-json\/wp\/v2\/product"}],"about":[{"href":"https:\/\/stromlighting.com\/en\/wp-json\/wp\/v2\/types\/product"}],"replies":[{"embeddable":true,"href":"https:\/\/stromlighting.com\/en\/wp-json\/wp\/v2\/comments?post=1372"}],"wp:featuredmedia":[{"embeddable":true,"href":"https:\/\/stromlighting.com\/en\/wp-json\/wp\/v2\/media\/506"}],"wp:attachment":[{"href":"https:\/\/stromlighting.com\/en\/wp-json\/wp\/v2\/media?parent=1372"}],"wp:term":[{"taxonomy":"product_brand","embeddable":true,"href":"https:\/\/stromlighting.com\/en\/wp-json\/wp\/v2\/product_brand?post=1372"},{"taxonomy":"product_cat","embeddable":true,"href":"https:\/\/stromlighting.com\/en\/wp-json\/wp\/v2\/product_cat?post=1372"},{"taxonomy":"product_tag","embeddable":true,"href":"https:\/\/stromlighting.com\/en\/wp-json\/wp\/v2\/product_tag?post=1372"}],"curies":[{"name":"wp","href":"https:\/\/api.w.org\/{rel}","templated":true}]}}