{"id":1373,"date":"2024-08-22T23:23:20","date_gmt":"2024-08-22T23:23:20","guid":{"rendered":"https:\/\/stromlighting.com\/arri-150\/"},"modified":"2024-09-08T22:23:56","modified_gmt":"2024-09-08T22:23:56","slug":"arri-150","status":"publish","type":"product","link":"https:\/\/stromlighting.com\/en\/arri-150\/","title":{"rendered":"ARRI 150"},"content":{"rendered":"<p>ARRI Junior serisi, kompakt ve hafif tungsten fresnel spotlar\u0131n gerekli oldu\u011fu yerlerde, \u00f6zellikle de \u0131zgara y\u00fcksekli\u011finin sorun oldu\u011fu k\u00fc\u00e7\u00fck st\u00fcdyolarda kullan\u0131m i\u00e7in idealdir. Klasik ARRI yap\u0131s\u0131, korozyona dayan\u0131kl\u0131, ekstr\u00fcde, d\u00f6k\u00fcm al\u00fcminyum kullan\u0131larak, bir konum armat\u00fcr\u00fcn\u00fcn hafifli\u011fini korurken g\u00f6vde g\u00fcc\u00fcn\u00fc en \u00fcst d\u00fczeye \u00e7\u0131kar\u0131r. ARRI Junior lamba kafalar\u0131n\u0131n k\u00fc\u00e7\u00fck boyutlar\u0131na ra\u011fmen, k\u0131sa odak uzakl\u0131\u011f\u0131, geni\u015f a\u00e7\u0131l\u0131 lensleri etkileyici \u0131\u015f\u0131k \u00e7\u0131k\u0131\u015f\u0131 ve t\u00fcm \u0131\u015f\u0131n alan\u0131 \u00fczerinde iyi \u0131\u015f\u0131k da\u011f\u0131l\u0131m\u0131 sa\u011flar. ARRI Junior lamba kafalar\u0131n\u0131n hem manuel hem de direkle \u00e7al\u0131\u015ft\u0131r\u0131lan versiyonlar\u0131 mevcuttur.<\/p>\n","protected":false},"excerpt":{"rendered":"<p>ARRI Junior serisi, kompakt ve hafif tungsten fresnel spotlar\u0131n gerekli oldu\u011fu yerlerde, \u00f6zellikle de \u0131zgara y\u00fcksekli\u011finin sorun oldu\u011fu k\u00fc\u00e7\u00fck st\u00fcdyolarda kullan\u0131m i\u00e7in idealdir. Klasik ARRI yap\u0131s\u0131,<span class=\"excerpt-hellip\"> [\u2026]<\/span><\/p>\n","protected":false},"featured_media":502,"comment_status":"open","ping_status":"closed","template":"","meta":[],"product_brand":[],"product_cat":[75,90,79],"product_tag":[],"class_list":{"0":"post-1373","1":"product","2":"type-product","3":"status-publish","4":"has-post-thumbnail","6":"product_cat-arri-en","7":"product_cat-tum-urunler-en","8":"product_cat-arri-tungsten-en","10":"first","11":"instock","12":"shipping-taxable","13":"product-type-simple"},"_links":{"self":[{"href":"https:\/\/stromlighting.com\/en\/wp-json\/wp\/v2\/product\/1373","targetHints":{"allow":["GET"]}}],"collection":[{"href":"https:\/\/stromlighting.com\/en\/wp-json\/wp\/v2\/product"}],"about":[{"href":"https:\/\/stromlighting.com\/en\/wp-json\/wp\/v2\/types\/product"}],"replies":[{"embeddable":true,"href":"https:\/\/stromlighting.com\/en\/wp-json\/wp\/v2\/comments?post=1373"}],"wp:featuredmedia":[{"embeddable":true,"href":"https:\/\/stromlighting.com\/en\/wp-json\/wp\/v2\/media\/502"}],"wp:attachment":[{"href":"https:\/\/stromlighting.com\/en\/wp-json\/wp\/v2\/media?parent=1373"}],"wp:term":[{"taxonomy":"product_brand","embeddable":true,"href":"https:\/\/stromlighting.com\/en\/wp-json\/wp\/v2\/product_brand?post=1373"},{"taxonomy":"product_cat","embeddable":true,"href":"https:\/\/stromlighting.com\/en\/wp-json\/wp\/v2\/product_cat?post=1373"},{"taxonomy":"product_tag","embeddable":true,"href":"https:\/\/stromlighting.com\/en\/wp-json\/wp\/v2\/product_tag?post=1373"}],"curies":[{"name":"wp","href":"https:\/\/api.w.org\/{rel}","templated":true}]}}