{"id":1379,"date":"2024-08-22T23:26:48","date_gmt":"2024-08-22T23:26:48","guid":{"rendered":"https:\/\/stromlighting.com\/true-blue-st1\/"},"modified":"2024-09-08T22:24:43","modified_gmt":"2024-09-08T22:24:43","slug":"true-blue-st1","status":"publish","type":"product","link":"https:\/\/stromlighting.com\/en\/true-blue-st1\/","title":{"rendered":"True Blue ST1"},"content":{"rendered":"<p>ARRI True Blue, yirmi y\u0131l\u0131 a\u015fk\u0131n bir s\u00fcredir pop\u00fcler olan st\u00fcdyo armat\u00fcrlerinin benzeri g\u00f6r\u00fclmemi\u015f bir evrimini temsil ediyor. ARRI, d\u00fcnyan\u0131n d\u00f6rt bir yan\u0131ndaki ayd\u0131nlatma profesyonellerinden gelen kapsaml\u0131 ara\u015ft\u0131rma ve geri bildirimlerin ard\u0131ndan, teknolojideki ilerlemelerle birlikte, st\u00fcdyo ve mekan ayd\u0131nlatmas\u0131 i\u00e7in 30&#8217;dan fazla yeni iyile\u015ftirme i\u00e7eren alt\u0131 adet son derece yenilik\u00e7i lamba ba\u015fl\u0131\u011f\u0131 serisi tasarlad\u0131. ARRI Fresnel&#8217;lerin hem manuel hem de direkle \u00e7al\u0131\u015ft\u0131r\u0131lan versiyonlar\u0131 mevcuttur.<\/p>\n","protected":false},"excerpt":{"rendered":"<p>ARRI True Blue, yirmi y\u0131l\u0131 a\u015fk\u0131n bir s\u00fcredir pop\u00fcler olan st\u00fcdyo armat\u00fcrlerinin benzeri g\u00f6r\u00fclmemi\u015f bir evrimini temsil ediyor. ARRI, d\u00fcnyan\u0131n d\u00f6rt bir yan\u0131ndaki ayd\u0131nlatma profesyonellerinden gelen<span class=\"excerpt-hellip\"> [\u2026]<\/span><\/p>\n","protected":false},"featured_media":582,"comment_status":"open","ping_status":"closed","template":"","meta":[],"product_brand":[],"product_cat":[75,90,79],"product_tag":[],"class_list":{"0":"post-1379","1":"product","2":"type-product","3":"status-publish","4":"has-post-thumbnail","6":"product_cat-arri-en","7":"product_cat-tum-urunler-en","8":"product_cat-arri-tungsten-en","10":"first","11":"instock","12":"shipping-taxable","13":"product-type-simple"},"_links":{"self":[{"href":"https:\/\/stromlighting.com\/en\/wp-json\/wp\/v2\/product\/1379","targetHints":{"allow":["GET"]}}],"collection":[{"href":"https:\/\/stromlighting.com\/en\/wp-json\/wp\/v2\/product"}],"about":[{"href":"https:\/\/stromlighting.com\/en\/wp-json\/wp\/v2\/types\/product"}],"replies":[{"embeddable":true,"href":"https:\/\/stromlighting.com\/en\/wp-json\/wp\/v2\/comments?post=1379"}],"wp:featuredmedia":[{"embeddable":true,"href":"https:\/\/stromlighting.com\/en\/wp-json\/wp\/v2\/media\/582"}],"wp:attachment":[{"href":"https:\/\/stromlighting.com\/en\/wp-json\/wp\/v2\/media?parent=1379"}],"wp:term":[{"taxonomy":"product_brand","embeddable":true,"href":"https:\/\/stromlighting.com\/en\/wp-json\/wp\/v2\/product_brand?post=1379"},{"taxonomy":"product_cat","embeddable":true,"href":"https:\/\/stromlighting.com\/en\/wp-json\/wp\/v2\/product_cat?post=1379"},{"taxonomy":"product_tag","embeddable":true,"href":"https:\/\/stromlighting.com\/en\/wp-json\/wp\/v2\/product_tag?post=1379"}],"curies":[{"name":"wp","href":"https:\/\/api.w.org\/{rel}","templated":true}]}}