{"id":1380,"date":"2024-08-22T23:27:12","date_gmt":"2024-08-22T23:27:12","guid":{"rendered":"https:\/\/stromlighting.com\/true-blue-st2-3\/"},"modified":"2024-09-08T22:24:50","modified_gmt":"2024-09-08T22:24:50","slug":"true-blue-st2-3","status":"publish","type":"product","link":"https:\/\/stromlighting.com\/en\/true-blue-st2-3\/","title":{"rendered":"True Blue ST2\/3"},"content":{"rendered":"<p>ARRI True Blue, yirmi y\u0131l\u0131 a\u015fk\u0131n bir s\u00fcredir pop\u00fcler olan st\u00fcdyo armat\u00fcrlerinin benzeri g\u00f6r\u00fclmemi\u015f bir evrimini temsil ediyor. ARRI, d\u00fcnyan\u0131n d\u00f6rt bir yan\u0131ndaki ayd\u0131nlatma profesyonellerinden gelen kapsaml\u0131 ara\u015ft\u0131rma ve geri bildirimlerin ard\u0131ndan, teknolojideki ilerlemelerle birlikte, st\u00fcdyo ve mekan ayd\u0131nlatmas\u0131 i\u00e7in 30&#8217;dan fazla yeni iyile\u015ftirme i\u00e7eren alt\u0131 adet son derece yenilik\u00e7i lamba ba\u015fl\u0131\u011f\u0131 serisi tasarlad\u0131. ARRI Fresnel&#8217;lerin hem manuel hem de direkle \u00e7al\u0131\u015fan versiyonlar\u0131 mevcuttur. 3.000 W lamba kullan\u0131m\u0131, armat\u00fcr\u00fcn boyutunu ve a\u011f\u0131rl\u0131\u011f\u0131n\u0131 korurken %65 daha y\u00fcksek \u0131\u015f\u0131k \u00e7\u0131k\u0131\u015f\u0131 sa\u011flar. Modern st\u00fcdyo dimmer sistemleri 3.000 W&#8217;\u0131 destekleme kapasitesine sahiptir ve 5.000 W lambalar\u0131n aksine, bu g\u00fc\u00e7 s\u0131n\u0131f\u0131 \u00e7o\u011fu \u00fclkenin standart 16 V &#8211; 230 V g\u00fc\u00e7 \u015febekesinde \u00e7al\u0131\u015ft\u0131r\u0131labilir. Bu da kablolama ve enerji maliyetlerinden ve armat\u00fcr\u00fcn sat\u0131n alma maliyetlerinden tasarruf sa\u011flar. Bir ba\u015fka olas\u0131 senaryo da SD kameralardan daha az hassas olan HD kay\u0131t sistemlerine ge\u00e7i\u015ftir. Bu durumlarda 2.000 W&#8217;l\u0131k lambalar, gereken ayd\u0131nlatma bo\u015flu\u011funu sa\u011flamak i\u00e7in 3.000 W&#8217;l\u0131k lambalarla de\u011fi\u015ftirilebilir.<\/p>\n","protected":false},"excerpt":{"rendered":"<p>ARRI True Blue, yirmi y\u0131l\u0131 a\u015fk\u0131n bir s\u00fcredir pop\u00fcler olan st\u00fcdyo armat\u00fcrlerinin benzeri g\u00f6r\u00fclmemi\u015f bir evrimini temsil ediyor. ARRI, d\u00fcnyan\u0131n d\u00f6rt bir yan\u0131ndaki ayd\u0131nlatma profesyonellerinden gelen<span class=\"excerpt-hellip\"> [\u2026]<\/span><\/p>\n","protected":false},"featured_media":594,"comment_status":"open","ping_status":"closed","template":"","meta":[],"product_brand":[],"product_cat":[75,90,79],"product_tag":[],"class_list":{"0":"post-1380","1":"product","2":"type-product","3":"status-publish","4":"has-post-thumbnail","6":"product_cat-arri-en","7":"product_cat-tum-urunler-en","8":"product_cat-arri-tungsten-en","10":"first","11":"instock","12":"shipping-taxable","13":"product-type-simple"},"_links":{"self":[{"href":"https:\/\/stromlighting.com\/en\/wp-json\/wp\/v2\/product\/1380","targetHints":{"allow":["GET"]}}],"collection":[{"href":"https:\/\/stromlighting.com\/en\/wp-json\/wp\/v2\/product"}],"about":[{"href":"https:\/\/stromlighting.com\/en\/wp-json\/wp\/v2\/types\/product"}],"replies":[{"embeddable":true,"href":"https:\/\/stromlighting.com\/en\/wp-json\/wp\/v2\/comments?post=1380"}],"wp:featuredmedia":[{"embeddable":true,"href":"https:\/\/stromlighting.com\/en\/wp-json\/wp\/v2\/media\/594"}],"wp:attachment":[{"href":"https:\/\/stromlighting.com\/en\/wp-json\/wp\/v2\/media?parent=1380"}],"wp:term":[{"taxonomy":"product_brand","embeddable":true,"href":"https:\/\/stromlighting.com\/en\/wp-json\/wp\/v2\/product_brand?post=1380"},{"taxonomy":"product_cat","embeddable":true,"href":"https:\/\/stromlighting.com\/en\/wp-json\/wp\/v2\/product_cat?post=1380"},{"taxonomy":"product_tag","embeddable":true,"href":"https:\/\/stromlighting.com\/en\/wp-json\/wp\/v2\/product_tag?post=1380"}],"curies":[{"name":"wp","href":"https:\/\/api.w.org\/{rel}","templated":true}]}}