{"id":1382,"date":"2024-08-22T23:28:11","date_gmt":"2024-08-22T23:28:11","guid":{"rendered":"https:\/\/stromlighting.com\/true-blue-st1-2-theater\/"},"modified":"2024-09-08T22:25:06","modified_gmt":"2024-09-08T22:25:06","slug":"true-blue-st1-2-theater","status":"publish","type":"product","link":"https:\/\/stromlighting.com\/en\/true-blue-st1-2-theater\/","title":{"rendered":"True Blue ST1\/2 Theater"},"content":{"rendered":"<p>ARRI Studio Fresnel serisi, y\u00fcksek s\u0131cakl\u0131klara dayanabilen ve d\u00f6k\u00fclen \u0131\u015f\u0131k i\u00e7ermeyen tungsten lamba kafalar\u0131na ihtiya\u00e7 duyan tiyatrolar i\u00e7in ideal se\u00e7imdir. B\u00fcy\u00fck, k\u0131sa odak uzakl\u0131\u011f\u0131na sahip lensler e\u015fit ve optimum \u0131\u015f\u0131k \u00e7\u0131k\u0131\u015f\u0131 sa\u011flar. ARRI&#8217;nin korozyonsuz al\u00fcminyum ekstr\u00fczyonlar ve hafif kal\u0131p d\u00f6k\u00fcmler kullanan zarif mod\u00fcler yap\u0131s\u0131, b\u00fcy\u00fck bir yap\u0131sal g\u00fc\u00e7 sunar.<\/p>\n","protected":false},"excerpt":{"rendered":"<p>ARRI Studio Fresnel serisi, y\u00fcksek s\u0131cakl\u0131klara dayanabilen ve d\u00f6k\u00fclen \u0131\u015f\u0131k i\u00e7ermeyen tungsten lamba kafalar\u0131na ihtiya\u00e7 duyan tiyatrolar i\u00e7in ideal se\u00e7imdir. B\u00fcy\u00fck, k\u0131sa odak uzakl\u0131\u011f\u0131na sahip lensler<span class=\"excerpt-hellip\"> [\u2026]<\/span><\/p>\n","protected":false},"featured_media":592,"comment_status":"open","ping_status":"closed","template":"","meta":[],"product_brand":[],"product_cat":[75,90,79],"product_tag":[],"class_list":{"0":"post-1382","1":"product","2":"type-product","3":"status-publish","4":"has-post-thumbnail","6":"product_cat-arri-en","7":"product_cat-tum-urunler-en","8":"product_cat-arri-tungsten-en","10":"first","11":"instock","12":"shipping-taxable","13":"product-type-simple"},"_links":{"self":[{"href":"https:\/\/stromlighting.com\/en\/wp-json\/wp\/v2\/product\/1382","targetHints":{"allow":["GET"]}}],"collection":[{"href":"https:\/\/stromlighting.com\/en\/wp-json\/wp\/v2\/product"}],"about":[{"href":"https:\/\/stromlighting.com\/en\/wp-json\/wp\/v2\/types\/product"}],"replies":[{"embeddable":true,"href":"https:\/\/stromlighting.com\/en\/wp-json\/wp\/v2\/comments?post=1382"}],"wp:featuredmedia":[{"embeddable":true,"href":"https:\/\/stromlighting.com\/en\/wp-json\/wp\/v2\/media\/592"}],"wp:attachment":[{"href":"https:\/\/stromlighting.com\/en\/wp-json\/wp\/v2\/media?parent=1382"}],"wp:term":[{"taxonomy":"product_brand","embeddable":true,"href":"https:\/\/stromlighting.com\/en\/wp-json\/wp\/v2\/product_brand?post=1382"},{"taxonomy":"product_cat","embeddable":true,"href":"https:\/\/stromlighting.com\/en\/wp-json\/wp\/v2\/product_cat?post=1382"},{"taxonomy":"product_tag","embeddable":true,"href":"https:\/\/stromlighting.com\/en\/wp-json\/wp\/v2\/product_tag?post=1382"}],"curies":[{"name":"wp","href":"https:\/\/api.w.org\/{rel}","templated":true}]}}