{"id":1385,"date":"2024-08-22T23:29:29","date_gmt":"2024-08-22T23:29:29","guid":{"rendered":"https:\/\/stromlighting.com\/studio-t24\/"},"modified":"2024-09-08T22:25:29","modified_gmt":"2024-09-08T22:25:29","slug":"studio-t24","status":"publish","type":"product","link":"https:\/\/stromlighting.com\/en\/studio-t24\/","title":{"rendered":"STUDIO T24"},"content":{"rendered":"<p>ARRI STUDIO Fresneller, y\u00fcksek performansl\u0131 ve y\u00fcksek wattl\u0131 tungsten lamba kafalar\u0131n\u0131n gerekli oldu\u011fu film st\u00fcdyolar\u0131 i\u00e7in ideal bir se\u00e7imdir. B\u00fcy\u00fck lensler y\u00fcksek verimlilik ve son derece geni\u015f bir \u0131\u015f\u0131n yay\u0131l\u0131m\u0131 sa\u011flar. ARRI&#8217;nin korozyonsuz al\u00fcminyum ekstr\u00fczyonlar ve hafif kal\u0131p d\u00f6k\u00fcmler kullanan zarif mod\u00fcler yap\u0131s\u0131, b\u00fcy\u00fck bir yap\u0131sal g\u00fc\u00e7 sunuyor.<\/p>\n","protected":false},"excerpt":{"rendered":"<p>ARRI STUDIO Fresneller, y\u00fcksek performansl\u0131 ve y\u00fcksek wattl\u0131 tungsten lamba kafalar\u0131n\u0131n gerekli oldu\u011fu film st\u00fcdyolar\u0131 i\u00e7in ideal bir se\u00e7imdir. B\u00fcy\u00fck lensler y\u00fcksek verimlilik ve son derece<span class=\"excerpt-hellip\"> [\u2026]<\/span><\/p>\n","protected":false},"featured_media":578,"comment_status":"open","ping_status":"closed","template":"","meta":[],"product_brand":[],"product_cat":[75,90,79],"product_tag":[],"class_list":{"0":"post-1385","1":"product","2":"type-product","3":"status-publish","4":"has-post-thumbnail","6":"product_cat-arri-en","7":"product_cat-tum-urunler-en","8":"product_cat-arri-tungsten-en","10":"first","11":"instock","12":"shipping-taxable","13":"product-type-simple"},"_links":{"self":[{"href":"https:\/\/stromlighting.com\/en\/wp-json\/wp\/v2\/product\/1385","targetHints":{"allow":["GET"]}}],"collection":[{"href":"https:\/\/stromlighting.com\/en\/wp-json\/wp\/v2\/product"}],"about":[{"href":"https:\/\/stromlighting.com\/en\/wp-json\/wp\/v2\/types\/product"}],"replies":[{"embeddable":true,"href":"https:\/\/stromlighting.com\/en\/wp-json\/wp\/v2\/comments?post=1385"}],"wp:featuredmedia":[{"embeddable":true,"href":"https:\/\/stromlighting.com\/en\/wp-json\/wp\/v2\/media\/578"}],"wp:attachment":[{"href":"https:\/\/stromlighting.com\/en\/wp-json\/wp\/v2\/media?parent=1385"}],"wp:term":[{"taxonomy":"product_brand","embeddable":true,"href":"https:\/\/stromlighting.com\/en\/wp-json\/wp\/v2\/product_brand?post=1385"},{"taxonomy":"product_cat","embeddable":true,"href":"https:\/\/stromlighting.com\/en\/wp-json\/wp\/v2\/product_cat?post=1385"},{"taxonomy":"product_tag","embeddable":true,"href":"https:\/\/stromlighting.com\/en\/wp-json\/wp\/v2\/product_tag?post=1385"}],"curies":[{"name":"wp","href":"https:\/\/api.w.org\/{rel}","templated":true}]}}