{"id":1386,"date":"2024-08-22T23:30:13","date_gmt":"2024-08-22T23:30:13","guid":{"rendered":"https:\/\/stromlighting.com\/arri-cyc-flood-light\/"},"modified":"2024-09-08T22:25:48","modified_gmt":"2024-09-08T22:25:48","slug":"arri-cyc-flood-light","status":"publish","type":"product","link":"https:\/\/stromlighting.com\/en\/arri-cyc-flood-light\/","title":{"rendered":"ARRI Cyc \/ Flood Light"},"content":{"rendered":"<p>Cyc \/ Flood lamba kafalar\u0131 \u00fcr\u00fcn serisi ARRI Flood 1250 ve ARRI Cyc 1250&#8217;yi i\u00e7erir. O zamanlar bu \u00fcr\u00fcn serileri TV st\u00fcdyolar\u0131 i\u00e7in ve geni\u015f alanlar\u0131n ayd\u0131nlat\u0131lmas\u0131 gerekti\u011finde tasarlanm\u0131\u015ft\u0131. LED teknolojisinin geli\u015fimi ve avantajlar\u0131 nedeniyle bu lamba kafalar\u0131 art\u0131k piyasada neredeyse hi\u00e7 kullan\u0131lm\u0131yor. Her iki lamba kafas\u0131 tipi de al\u00fcminyum d\u00f6k\u00fcm g\u00f6vde, kolay de\u011fi\u015ftirilebilir reflekt\u00f6r ve renk filtrelerinin \u00f6mr\u00fcn\u00fc uzatan a\u011fs\u0131z \u00e7ift koruma camlar\u0131ndan olu\u015fuyor. ARRI Flood 1250 ile ARRI Cyc 1250 aras\u0131ndaki fark reflekt\u00f6r tasar\u0131m\u0131nda yat\u0131yor.Flood reflekt\u00f6r simetrik, yatay bir \u0131\u015f\u0131k \u00fcretirken Cyc reflekt\u00f6r, bir y\u00fczeyin herhangi bir uzunlu\u011fu boyunca e\u015fit yo\u011funlukta bir \u0131\u015f\u0131k alan\u0131 \u00fcretmek i\u00e7in d\u00fczensiz \u015fekillendirilmi\u015ftir. Bu nedenle, \u00e7o\u011funlukla ye\u015fil ekranlar veya bir translight veya arka fonun ve hatta bir sikloraman\u0131n ayd\u0131nlat\u0131lmas\u0131 i\u00e7in kullan\u0131lm\u0131\u015ft\u0131r. Cyc 1250 tekli, ikili, 4 bankl\u0131 ve 4 k\u00fcpl\u00fc olarak manuel veya direkle \u00e7al\u0131\u015fan versiyonlarda \u00fcretilmi\u015ftir.<\/p>\n","protected":false},"excerpt":{"rendered":"<p>Cyc \/ Flood lamba kafalar\u0131 \u00fcr\u00fcn serisi ARRI Flood 1250 ve ARRI Cyc 1250&#8217;yi i\u00e7erir. O zamanlar bu \u00fcr\u00fcn serileri TV st\u00fcdyolar\u0131 i\u00e7in ve geni\u015f alanlar\u0131n<span class=\"excerpt-hellip\"> [\u2026]<\/span><\/p>\n","protected":false},"featured_media":490,"comment_status":"open","ping_status":"closed","template":"","meta":[],"product_brand":[],"product_cat":[75,90,79],"product_tag":[],"class_list":{"0":"post-1386","1":"product","2":"type-product","3":"status-publish","4":"has-post-thumbnail","6":"product_cat-arri-en","7":"product_cat-tum-urunler-en","8":"product_cat-arri-tungsten-en","10":"first","11":"instock","12":"shipping-taxable","13":"product-type-simple"},"_links":{"self":[{"href":"https:\/\/stromlighting.com\/en\/wp-json\/wp\/v2\/product\/1386","targetHints":{"allow":["GET"]}}],"collection":[{"href":"https:\/\/stromlighting.com\/en\/wp-json\/wp\/v2\/product"}],"about":[{"href":"https:\/\/stromlighting.com\/en\/wp-json\/wp\/v2\/types\/product"}],"replies":[{"embeddable":true,"href":"https:\/\/stromlighting.com\/en\/wp-json\/wp\/v2\/comments?post=1386"}],"wp:featuredmedia":[{"embeddable":true,"href":"https:\/\/stromlighting.com\/en\/wp-json\/wp\/v2\/media\/490"}],"wp:attachment":[{"href":"https:\/\/stromlighting.com\/en\/wp-json\/wp\/v2\/media?parent=1386"}],"wp:term":[{"taxonomy":"product_brand","embeddable":true,"href":"https:\/\/stromlighting.com\/en\/wp-json\/wp\/v2\/product_brand?post=1386"},{"taxonomy":"product_cat","embeddable":true,"href":"https:\/\/stromlighting.com\/en\/wp-json\/wp\/v2\/product_cat?post=1386"},{"taxonomy":"product_tag","embeddable":true,"href":"https:\/\/stromlighting.com\/en\/wp-json\/wp\/v2\/product_tag?post=1386"}],"curies":[{"name":"wp","href":"https:\/\/api.w.org\/{rel}","templated":true}]}}